{"id":58412,"date":"2025-05-29T15:20:32","date_gmt":"2025-05-29T15:20:32","guid":{"rendered":"https:\/\/musabelliu.com\/product\/pantallona-basra\/"},"modified":"2026-03-02T17:10:44","modified_gmt":"2026-03-02T17:10:44","slug":"pantallona-basra","status":"publish","type":"product","link":"https:\/\/musabelliu.com\/sq\/produkt\/pantallona-basra\/","title":{"rendered":"Pantallona Basra"},"content":{"rendered":"<p>Pantallona liri me prerje t\u00eb gjer\u00eb, t\u00eb punuara nga material q\u00eb merr frym\u00eb dhe me rreshtim t\u00eb plot\u00eb p\u00ebr m\u00eb shum\u00eb struktur\u00eb dhe komoditet. T\u00eb dizajnuara me nj\u00eb brez asimetrik q\u00eb u jep nj\u00eb stil modern, k\u00ebto pantallona kan\u00eb mbyllje me zinxhir p\u00ebrpara, kops\u00eb metalike dhe xhep an\u00ebsor. <\/p>\n","protected":false},"excerpt":{"rendered":"<p>Pantallona liri me prerje t\u00eb gjer\u00eb, t\u00eb punuara nga material q\u00eb merr frym\u00eb dhe me rreshtim t\u00eb plot\u00eb p\u00ebr m\u00eb shum\u00eb struktur\u00eb dhe komoditet. T\u00eb dizajnuara me nj\u00eb brez asimetrik q\u00eb u jep nj\u00eb stil modern, k\u00ebto pantallona kan\u00eb mbyllje me zinxhir p\u00ebrpara, kops\u00eb metalike dhe xhep an\u00ebsor. <\/p>\n","protected":false},"featured_media":58418,"comment_status":"open","ping_status":"closed","template":"","meta":[],"product_brand":[],"product_cat":[292,305],"product_tag":[],"class_list":{"0":"post-58412","1":"product","2":"type-product","3":"status-publish","4":"has-post-thumbnail","6":"product_cat-femra","7":"product_cat-koleksioni-i-veres","10":"first","11":"instock","12":"taxable","13":"shipping-taxable","14":"purchasable","15":"product-type-variable"},"_links":{"self":[{"href":"https:\/\/musabelliu.com\/sq\/wp-json\/wp\/v2\/product\/58412","targetHints":{"allow":["GET"]}}],"collection":[{"href":"https:\/\/musabelliu.com\/sq\/wp-json\/wp\/v2\/product"}],"about":[{"href":"https:\/\/musabelliu.com\/sq\/wp-json\/wp\/v2\/types\/product"}],"replies":[{"embeddable":true,"href":"https:\/\/musabelliu.com\/sq\/wp-json\/wp\/v2\/comments?post=58412"}],"wp:featuredmedia":[{"embeddable":true,"href":"https:\/\/musabelliu.com\/sq\/wp-json\/wp\/v2\/media\/58418"}],"wp:attachment":[{"href":"https:\/\/musabelliu.com\/sq\/wp-json\/wp\/v2\/media?parent=58412"}],"wp:term":[{"taxonomy":"product_brand","embeddable":true,"href":"https:\/\/musabelliu.com\/sq\/wp-json\/wp\/v2\/product_brand?post=58412"},{"taxonomy":"product_cat","embeddable":true,"href":"https:\/\/musabelliu.com\/sq\/wp-json\/wp\/v2\/product_cat?post=58412"},{"taxonomy":"product_tag","embeddable":true,"href":"https:\/\/musabelliu.com\/sq\/wp-json\/wp\/v2\/product_tag?post=58412"}],"curies":[{"name":"wp","href":"https:\/\/api.w.org\/{rel}","templated":true}]}}