{"id":58293,"date":"2025-05-29T15:20:37","date_gmt":"2025-05-29T15:20:37","guid":{"rendered":"https:\/\/musabelliu.com\/product\/fustan-nahla\/"},"modified":"2026-03-02T17:10:41","modified_gmt":"2026-03-02T17:10:41","slug":"fustan-nahla","status":"publish","type":"product","link":"https:\/\/musabelliu.com\/sq\/produkt\/fustan-nahla\/","title":{"rendered":"Fustan Nahla"},"content":{"rendered":"<p>Ky \u00ebsht\u00eb nj\u00eb fustan dantelle i gjat\u00eb deri n\u00eb dysheme, me siluet\u00eb t\u00eb ngusht\u00eb dhe dekolte t\u00eb hapur n\u00eb form\u00eb V-je. Karakterizohet nga rripa t\u00eb holl\u00eb, jo t\u00eb rregulluesh\u00ebm dhe shpin\u00eb e hapur asimetrike, e bashkuar me nj\u00eb detaj metalik t\u00eb mark\u00ebs. Fustani \u00ebsht\u00eb plot\u00ebsisht i veshur me astar dhe i punuar me shirit an\u00ebsor n\u00eb t\u00eb gjitha skajet. Nj\u00eb logo e vog\u00ebl dekorative ndodhet n\u00eb baz\u00ebn e dekoltes\u00eb.   <\/p>\n","protected":false},"excerpt":{"rendered":"<p>Ky \u00ebsht\u00eb nj\u00eb fustan dantelle i gjat\u00eb deri n\u00eb dysheme, me siluet\u00eb t\u00eb ngusht\u00eb dhe dekolte t\u00eb hapur n\u00eb form\u00eb V-je. Karakterizohet nga rripa t\u00eb holl\u00eb, jo t\u00eb rregulluesh\u00ebm dhe shpin\u00eb e hapur asimetrike, e bashkuar me nj\u00eb detaj metalik t\u00eb mark\u00ebs. Fustani \u00ebsht\u00eb plot\u00ebsisht i veshur me astar dhe i punuar me shirit an\u00ebsor n\u00eb t\u00eb gjitha skajet. Nj\u00eb logo e vog\u00ebl dekorative ndodhet n\u00eb baz\u00ebn e dekoltes\u00eb.   <\/p>\n","protected":false},"featured_media":58299,"comment_status":"open","ping_status":"closed","template":"","meta":[],"product_brand":[],"product_cat":[292,305],"product_tag":[],"class_list":{"0":"post-58293","1":"product","2":"type-product","3":"status-publish","4":"has-post-thumbnail","6":"product_cat-femra","7":"product_cat-koleksioni-i-veres","10":"first","11":"instock","12":"taxable","13":"shipping-taxable","14":"purchasable","15":"product-type-variable"},"_links":{"self":[{"href":"https:\/\/musabelliu.com\/sq\/wp-json\/wp\/v2\/product\/58293","targetHints":{"allow":["GET"]}}],"collection":[{"href":"https:\/\/musabelliu.com\/sq\/wp-json\/wp\/v2\/product"}],"about":[{"href":"https:\/\/musabelliu.com\/sq\/wp-json\/wp\/v2\/types\/product"}],"replies":[{"embeddable":true,"href":"https:\/\/musabelliu.com\/sq\/wp-json\/wp\/v2\/comments?post=58293"}],"wp:featuredmedia":[{"embeddable":true,"href":"https:\/\/musabelliu.com\/sq\/wp-json\/wp\/v2\/media\/58299"}],"wp:attachment":[{"href":"https:\/\/musabelliu.com\/sq\/wp-json\/wp\/v2\/media?parent=58293"}],"wp:term":[{"taxonomy":"product_brand","embeddable":true,"href":"https:\/\/musabelliu.com\/sq\/wp-json\/wp\/v2\/product_brand?post=58293"},{"taxonomy":"product_cat","embeddable":true,"href":"https:\/\/musabelliu.com\/sq\/wp-json\/wp\/v2\/product_cat?post=58293"},{"taxonomy":"product_tag","embeddable":true,"href":"https:\/\/musabelliu.com\/sq\/wp-json\/wp\/v2\/product_tag?post=58293"}],"curies":[{"name":"wp","href":"https:\/\/api.w.org\/{rel}","templated":true}]}}