{"id":58273,"date":"2025-05-29T15:20:35","date_gmt":"2025-05-29T15:20:35","guid":{"rendered":"https:\/\/musabelliu.com\/product\/fustan-sheherazade\/"},"modified":"2026-03-02T17:10:41","modified_gmt":"2026-03-02T17:10:41","slug":"fustan-sheherazade","status":"publish","type":"product","link":"https:\/\/musabelliu.com\/sq\/produkt\/fustan-sheherazade\/","title":{"rendered":"Fustan Sheherazade"},"content":{"rendered":"<p>Ky minifustan \u00ebsht\u00eb i punuar nga liri n\u00eb ngjyr\u00eb jargavani dhe ka nj\u00eb siluet\u00eb pas trupit me dekolte t\u00eb rrumbullak\u00ebt dhe m\u00ebng\u00eb t\u00eb shkurtra. Pjesa e poshtme e fustanit \u00ebsht\u00eb e zbukuruar me gur\u00eb dekorativ\u00eb t\u00eb aplikuar me nxeht\u00ebsi, q\u00eb formojn\u00eb modele gjeometrike dhe motive t\u00eb logos. \u00cbsht\u00eb plot\u00ebsisht i veshur me astar p\u00ebr struktur\u00eb dhe komoditet, dhe mbyllet n\u00eb shpin\u00eb me nj\u00eb zinxhir t\u00eb paduksh\u00ebm p\u00ebr nj\u00eb dukje t\u00eb past\u00ebr.  <\/p>\n","protected":false},"excerpt":{"rendered":"<p>Ky minifustan \u00ebsht\u00eb i punuar nga liri n\u00eb ngjyr\u00eb jargavani dhe ka nj\u00eb siluet\u00eb pas trupit me dekolte t\u00eb rrumbullak\u00ebt dhe m\u00ebng\u00eb t\u00eb shkurtra. Pjesa e poshtme e fustanit \u00ebsht\u00eb e zbukuruar me gur\u00eb dekorativ\u00eb t\u00eb aplikuar me nxeht\u00ebsi, q\u00eb formojn\u00eb modele gjeometrike dhe motive t\u00eb logos. \u00cbsht\u00eb plot\u00ebsisht i veshur me astar p\u00ebr struktur\u00eb dhe komoditet, dhe mbyllet n\u00eb shpin\u00eb me nj\u00eb zinxhir t\u00eb paduksh\u00ebm p\u00ebr nj\u00eb dukje t\u00eb past\u00ebr.  <\/p>\n","protected":false},"featured_media":58284,"comment_status":"open","ping_status":"closed","template":"","meta":[],"product_brand":[],"product_cat":[292,305],"product_tag":[],"class_list":{"0":"post-58273","1":"product","2":"type-product","3":"status-publish","4":"has-post-thumbnail","6":"product_cat-femra","7":"product_cat-koleksioni-i-veres","10":"first","11":"instock","12":"taxable","13":"shipping-taxable","14":"purchasable","15":"product-type-variable"},"_links":{"self":[{"href":"https:\/\/musabelliu.com\/sq\/wp-json\/wp\/v2\/product\/58273","targetHints":{"allow":["GET"]}}],"collection":[{"href":"https:\/\/musabelliu.com\/sq\/wp-json\/wp\/v2\/product"}],"about":[{"href":"https:\/\/musabelliu.com\/sq\/wp-json\/wp\/v2\/types\/product"}],"replies":[{"embeddable":true,"href":"https:\/\/musabelliu.com\/sq\/wp-json\/wp\/v2\/comments?post=58273"}],"wp:featuredmedia":[{"embeddable":true,"href":"https:\/\/musabelliu.com\/sq\/wp-json\/wp\/v2\/media\/58284"}],"wp:attachment":[{"href":"https:\/\/musabelliu.com\/sq\/wp-json\/wp\/v2\/media?parent=58273"}],"wp:term":[{"taxonomy":"product_brand","embeddable":true,"href":"https:\/\/musabelliu.com\/sq\/wp-json\/wp\/v2\/product_brand?post=58273"},{"taxonomy":"product_cat","embeddable":true,"href":"https:\/\/musabelliu.com\/sq\/wp-json\/wp\/v2\/product_cat?post=58273"},{"taxonomy":"product_tag","embeddable":true,"href":"https:\/\/musabelliu.com\/sq\/wp-json\/wp\/v2\/product_tag?post=58273"}],"curies":[{"name":"wp","href":"https:\/\/api.w.org\/{rel}","templated":true}]}}