{"id":58253,"date":"2025-05-29T15:20:34","date_gmt":"2025-05-29T15:20:34","guid":{"rendered":"https:\/\/musabelliu.com\/product\/fund-zafirah\/"},"modified":"2026-03-02T17:10:42","modified_gmt":"2026-03-02T17:10:42","slug":"fund-zafirah","status":"publish","type":"product","link":"https:\/\/musabelliu.com\/sq\/produkt\/fund-zafirah\/","title":{"rendered":"Fund Zafirah"},"content":{"rendered":"<p>Ky fund i gjat\u00eb n\u00eb ngjyr\u00eb blu kobalt vjen me nj\u00eb siluet\u00eb elegante kolon\u00eb dhe panel t\u00eb p\u00ebrparm\u00eb me dy shtresa, i mb\u00ebrthyer me nj\u00eb karfic\u00eb gjetheje n\u00eb ton ari. I dizajnuar me nj\u00eb xhep an\u00ebsor dhe i punuar nga krep i leht\u00eb. <\/p>\n","protected":false},"excerpt":{"rendered":"<p>Ky fund i gjat\u00eb n\u00eb ngjyr\u00eb blu kobalt vjen me nj\u00eb siluet\u00eb elegante kolon\u00eb dhe panel t\u00eb p\u00ebrparm\u00eb me dy shtresa, i mb\u00ebrthyer me nj\u00eb karfic\u00eb gjetheje n\u00eb ton ari. I dizajnuar me nj\u00eb xhep an\u00ebsor dhe i punuar nga krep i leht\u00eb. <\/p>\n","protected":false},"featured_media":58259,"comment_status":"open","ping_status":"closed","template":"","meta":[],"product_brand":[],"product_cat":[292,305],"product_tag":[],"class_list":{"0":"post-58253","1":"product","2":"type-product","3":"status-publish","4":"has-post-thumbnail","6":"product_cat-femra","7":"product_cat-koleksioni-i-veres","10":"first","11":"instock","12":"taxable","13":"shipping-taxable","14":"purchasable","15":"product-type-variable"},"_links":{"self":[{"href":"https:\/\/musabelliu.com\/sq\/wp-json\/wp\/v2\/product\/58253","targetHints":{"allow":["GET"]}}],"collection":[{"href":"https:\/\/musabelliu.com\/sq\/wp-json\/wp\/v2\/product"}],"about":[{"href":"https:\/\/musabelliu.com\/sq\/wp-json\/wp\/v2\/types\/product"}],"replies":[{"embeddable":true,"href":"https:\/\/musabelliu.com\/sq\/wp-json\/wp\/v2\/comments?post=58253"}],"wp:featuredmedia":[{"embeddable":true,"href":"https:\/\/musabelliu.com\/sq\/wp-json\/wp\/v2\/media\/58259"}],"wp:attachment":[{"href":"https:\/\/musabelliu.com\/sq\/wp-json\/wp\/v2\/media?parent=58253"}],"wp:term":[{"taxonomy":"product_brand","embeddable":true,"href":"https:\/\/musabelliu.com\/sq\/wp-json\/wp\/v2\/product_brand?post=58253"},{"taxonomy":"product_cat","embeddable":true,"href":"https:\/\/musabelliu.com\/sq\/wp-json\/wp\/v2\/product_cat?post=58253"},{"taxonomy":"product_tag","embeddable":true,"href":"https:\/\/musabelliu.com\/sq\/wp-json\/wp\/v2\/product_tag?post=58253"}],"curies":[{"name":"wp","href":"https:\/\/api.w.org\/{rel}","templated":true}]}}