{"id":58239,"date":"2025-05-29T15:20:36","date_gmt":"2025-05-29T15:20:36","guid":{"rendered":"https:\/\/musabelliu.com\/product\/pantallona-najla\/"},"modified":"2026-03-02T17:10:40","modified_gmt":"2026-03-02T17:10:40","slug":"pantallona-najla","status":"publish","type":"product","link":"https:\/\/musabelliu.com\/sq\/produkt\/pantallona-najla\/","title":{"rendered":"Pantallona Najla"},"content":{"rendered":"<p>T\u00eb qepura me cop\u00eb liri q\u00eb lejon ajrosjen, k\u00ebto pantallona me bel t\u00eb lart\u00eb kan\u00eb mbyllje me zinxhir p\u00ebrpara dhe kops\u00eb me logo t\u00eb personalizuar, xhepa an\u00ebsor\u00eb dhe tegel t\u00eb hekurosur me precizion. Xhepat e pasm\u00eb jan\u00eb dekorativ\u00eb p\u00ebr t\u00eb ruajtur nj\u00eb siluet\u00eb t\u00eb past\u00ebr. Pjesa e brendshme \u00ebsht\u00eb e punuar me veshje t\u00eb plot\u00eb.  <\/p>\n","protected":false},"excerpt":{"rendered":"<p>T\u00eb qepura me cop\u00eb liri q\u00eb lejon ajrosjen, k\u00ebto pantallona me bel t\u00eb lart\u00eb kan\u00eb mbyllje me zinxhir p\u00ebrpara dhe kops\u00eb me logo t\u00eb personalizuar, xhepa an\u00ebsor\u00eb dhe tegel t\u00eb hekurosur me precizion. Xhepat e pasm\u00eb jan\u00eb dekorativ\u00eb p\u00ebr t\u00eb ruajtur nj\u00eb siluet\u00eb t\u00eb past\u00ebr. Pjesa e brendshme \u00ebsht\u00eb e punuar me veshje t\u00eb plot\u00eb.  <\/p>\n","protected":false},"featured_media":58245,"comment_status":"open","ping_status":"closed","template":"","meta":[],"product_brand":[],"product_cat":[292,305],"product_tag":[],"class_list":{"0":"post-58239","1":"product","2":"type-product","3":"status-publish","4":"has-post-thumbnail","6":"product_cat-femra","7":"product_cat-koleksioni-i-veres","10":"first","11":"instock","12":"taxable","13":"shipping-taxable","14":"purchasable","15":"product-type-variable"},"_links":{"self":[{"href":"https:\/\/musabelliu.com\/sq\/wp-json\/wp\/v2\/product\/58239","targetHints":{"allow":["GET"]}}],"collection":[{"href":"https:\/\/musabelliu.com\/sq\/wp-json\/wp\/v2\/product"}],"about":[{"href":"https:\/\/musabelliu.com\/sq\/wp-json\/wp\/v2\/types\/product"}],"replies":[{"embeddable":true,"href":"https:\/\/musabelliu.com\/sq\/wp-json\/wp\/v2\/comments?post=58239"}],"wp:featuredmedia":[{"embeddable":true,"href":"https:\/\/musabelliu.com\/sq\/wp-json\/wp\/v2\/media\/58245"}],"wp:attachment":[{"href":"https:\/\/musabelliu.com\/sq\/wp-json\/wp\/v2\/media?parent=58239"}],"wp:term":[{"taxonomy":"product_brand","embeddable":true,"href":"https:\/\/musabelliu.com\/sq\/wp-json\/wp\/v2\/product_brand?post=58239"},{"taxonomy":"product_cat","embeddable":true,"href":"https:\/\/musabelliu.com\/sq\/wp-json\/wp\/v2\/product_cat?post=58239"},{"taxonomy":"product_tag","embeddable":true,"href":"https:\/\/musabelliu.com\/sq\/wp-json\/wp\/v2\/product_tag?post=58239"}],"curies":[{"name":"wp","href":"https:\/\/api.w.org\/{rel}","templated":true}]}}