{"id":58222,"date":"2025-05-29T15:20:31","date_gmt":"2025-05-29T15:20:31","guid":{"rendered":"https:\/\/musabelliu.com\/product\/fustan-jazira\/"},"modified":"2026-03-02T17:10:45","modified_gmt":"2026-03-02T17:10:45","slug":"fustan-jazira","status":"publish","type":"product","link":"https:\/\/musabelliu.com\/sq\/produkt\/fustan-jazira\/","title":{"rendered":"Fustan Jazira"},"content":{"rendered":"<p>Mini-fustan pa m\u00ebng\u00eb i punuar nga nj\u00eb p\u00eblhur\u00eb e p\u00ebrzier me shk\u00eblqim t\u00eb leht\u00eb dhe prekje t\u00eb but\u00eb. Dizajnuar me dekolte t\u00eb lart\u00eb rreth qaf\u00ebs dhe shpin\u00eb t\u00eb hapur e t\u00eb thell\u00eb. I dekoruar me motive gjeometrike me gur\u00eb dekorativ\u00eb t\u00eb fiksuar me nxeht\u00ebsi. P\u00ebrfshin xhepa diskret\u00eb n\u00eb tegelat an\u00ebsor\u00eb. Plot\u00ebsisht i veshur me astar. Pa mbyllje t\u00eb dukshme.     <\/p>\n","protected":false},"excerpt":{"rendered":"<p>Mini-fustan pa m\u00ebng\u00eb i punuar nga nj\u00eb p\u00eblhur\u00eb e p\u00ebrzier me shk\u00eblqim t\u00eb leht\u00eb dhe prekje t\u00eb but\u00eb. Dizajnuar me dekolte t\u00eb lart\u00eb rreth qaf\u00ebs dhe shpin\u00eb t\u00eb hapur e t\u00eb thell\u00eb. I dekoruar me motive gjeometrike me gur\u00eb dekorativ\u00eb t\u00eb fiksuar me nxeht\u00ebsi. P\u00ebrfshin xhepa diskret\u00eb n\u00eb tegelat an\u00ebsor\u00eb. Plot\u00ebsisht i veshur me astar. Pa mbyllje t\u00eb dukshme.     <\/p>\n","protected":false},"featured_media":58231,"comment_status":"open","ping_status":"closed","template":"","meta":[],"product_brand":[],"product_cat":[292,305],"product_tag":[],"class_list":{"0":"post-58222","1":"product","2":"type-product","3":"status-publish","4":"has-post-thumbnail","6":"product_cat-femra","7":"product_cat-koleksioni-i-veres","10":"first","11":"outofstock","12":"taxable","13":"shipping-taxable","14":"purchasable","15":"product-type-variable","16":"has-default-attributes"},"_links":{"self":[{"href":"https:\/\/musabelliu.com\/sq\/wp-json\/wp\/v2\/product\/58222","targetHints":{"allow":["GET"]}}],"collection":[{"href":"https:\/\/musabelliu.com\/sq\/wp-json\/wp\/v2\/product"}],"about":[{"href":"https:\/\/musabelliu.com\/sq\/wp-json\/wp\/v2\/types\/product"}],"replies":[{"embeddable":true,"href":"https:\/\/musabelliu.com\/sq\/wp-json\/wp\/v2\/comments?post=58222"}],"wp:featuredmedia":[{"embeddable":true,"href":"https:\/\/musabelliu.com\/sq\/wp-json\/wp\/v2\/media\/58231"}],"wp:attachment":[{"href":"https:\/\/musabelliu.com\/sq\/wp-json\/wp\/v2\/media?parent=58222"}],"wp:term":[{"taxonomy":"product_brand","embeddable":true,"href":"https:\/\/musabelliu.com\/sq\/wp-json\/wp\/v2\/product_brand?post=58222"},{"taxonomy":"product_cat","embeddable":true,"href":"https:\/\/musabelliu.com\/sq\/wp-json\/wp\/v2\/product_cat?post=58222"},{"taxonomy":"product_tag","embeddable":true,"href":"https:\/\/musabelliu.com\/sq\/wp-json\/wp\/v2\/product_tag?post=58222"}],"curies":[{"name":"wp","href":"https:\/\/api.w.org\/{rel}","templated":true}]}}