{"id":58204,"date":"2025-05-29T15:20:33","date_gmt":"2025-05-29T15:20:33","guid":{"rendered":"https:\/\/musabelliu.com\/product\/xhakete-basra\/"},"modified":"2026-03-02T17:10:44","modified_gmt":"2026-03-02T17:10:44","slug":"xhakete-basra","status":"publish","type":"product","link":"https:\/\/musabelliu.com\/sq\/produkt\/xhakete-basra\/","title":{"rendered":"Xhaket\u00eb Basra"},"content":{"rendered":"<p>E punuar me li natyral me dy shtresa, kjo xhaket\u00eb karakterizohet nga nj\u00eb drapim unik p\u00ebrpara q\u00eb mund t\u00eb stilizohet e mb\u00ebshtjell\u00eb ose t\u00eb lihet t\u00eb bjer\u00eb lirsh\u00ebm. Silueta e strukturuar p\u00ebrfshin supe me mbushje t\u00eb leht\u00eb, rever t\u00eb mpreht\u00eb dhe m\u00ebng\u00eb t\u00eb gjata me t\u00eb \u00e7ara delikate n\u00eb ky\u00e7e. P\u00eblhura e dyfisht\u00eb ofron struktur\u00eb dhe drit\u00ebhije t\u00eb shtuar, duke ruajtur ajrosjen.  <\/p>\n","protected":false},"excerpt":{"rendered":"<p>e punuar me li natyral me dy shtresa, kjo xhaket\u00eb karakterizohet nga nj\u00eb drapim unik p\u00ebrpara q\u00eb mund t\u00eb stilizohet e mb\u00ebshtjell\u00eb ose t\u00eb lihet t\u00eb bjer\u00eb lirsh\u00ebm. Silueta e strukturuar p\u00ebrfshin supe me mbushje t\u00eb leht\u00eb, rever t\u00eb mpreht\u00eb dhe m\u00ebng\u00eb t\u00eb gjata me t\u00eb \u00e7ara delikate n\u00eb ky\u00e7e. P\u00eblhura e dyfisht\u00eb ofron struktur\u00eb dhe drit\u00ebhije t\u00eb shtuar, duke ruajtur ajrosjen.  <\/p>\n","protected":false},"featured_media":58212,"comment_status":"open","ping_status":"closed","template":"","meta":[],"product_brand":[],"product_cat":[292,305],"product_tag":[],"class_list":{"0":"post-58204","1":"product","2":"type-product","3":"status-publish","4":"has-post-thumbnail","6":"product_cat-femra","7":"product_cat-koleksioni-i-veres","10":"first","11":"instock","12":"taxable","13":"shipping-taxable","14":"purchasable","15":"product-type-variable"},"_links":{"self":[{"href":"https:\/\/musabelliu.com\/sq\/wp-json\/wp\/v2\/product\/58204","targetHints":{"allow":["GET"]}}],"collection":[{"href":"https:\/\/musabelliu.com\/sq\/wp-json\/wp\/v2\/product"}],"about":[{"href":"https:\/\/musabelliu.com\/sq\/wp-json\/wp\/v2\/types\/product"}],"replies":[{"embeddable":true,"href":"https:\/\/musabelliu.com\/sq\/wp-json\/wp\/v2\/comments?post=58204"}],"wp:featuredmedia":[{"embeddable":true,"href":"https:\/\/musabelliu.com\/sq\/wp-json\/wp\/v2\/media\/58212"}],"wp:attachment":[{"href":"https:\/\/musabelliu.com\/sq\/wp-json\/wp\/v2\/media?parent=58204"}],"wp:term":[{"taxonomy":"product_brand","embeddable":true,"href":"https:\/\/musabelliu.com\/sq\/wp-json\/wp\/v2\/product_brand?post=58204"},{"taxonomy":"product_cat","embeddable":true,"href":"https:\/\/musabelliu.com\/sq\/wp-json\/wp\/v2\/product_cat?post=58204"},{"taxonomy":"product_tag","embeddable":true,"href":"https:\/\/musabelliu.com\/sq\/wp-json\/wp\/v2\/product_tag?post=58204"}],"curies":[{"name":"wp","href":"https:\/\/api.w.org\/{rel}","templated":true}]}}