{"id":58188,"date":"2025-05-29T15:20:39","date_gmt":"2025-05-29T15:20:39","guid":{"rendered":"https:\/\/musabelliu.com\/product\/fustani-lina\/"},"modified":"2026-03-02T17:12:13","modified_gmt":"2026-03-02T17:12:13","slug":"fustani-lina","status":"publish","type":"product","link":"https:\/\/musabelliu.com\/sq\/produkt\/fustani-lina\/","title":{"rendered":"Fustani Lina"},"content":{"rendered":"<p>Ky fustan i ngusht\u00eb, me gjat\u00ebsi deri te ky\u00e7et, ka nj\u00eb bust t\u00eb strukturuar dhe mb\u00ebshtetje t\u00eb integruar. Karakterizohet nga rripat e holl\u00eb, +nj\u00eb tegel qendror vertikal dhe nj\u00eb e \u00e7ar\u00eb ballore p\u00ebr liri l\u00ebvizjeje. Busti \u00ebsht\u00eb i mbledhur dhe i detajuar me nj\u00eb aksesor t\u00eb vog\u00ebl floriri. Copa ka nj\u00eb efekt delikat gradient n\u00eb t\u00eb verdh\u00eb dhe \u00ebsht\u00eb plot\u00ebsisht e veshur me astar.   <\/p>\n","protected":false},"excerpt":{"rendered":"<p>Ky fustan i ngusht\u00eb, me gjat\u00ebsi deri te ky\u00e7et, ka nj\u00eb bust t\u00eb strukturuar dhe mb\u00ebshtetje t\u00eb integruar. Karakterizohet nga rripat e holl\u00eb, +nj\u00eb tegel qendror vertikal dhe nj\u00eb e \u00e7ar\u00eb ballore p\u00ebr liri l\u00ebvizjeje. Busti \u00ebsht\u00eb i mbledhur dhe i detajuar me nj\u00eb aksesor t\u00eb vog\u00ebl floriri. Copa ka nj\u00eb efekt delikat gradient n\u00eb t\u00eb verdh\u00eb dhe \u00ebsht\u00eb plot\u00ebsisht e veshur me astar.   <\/p>\n","protected":false},"featured_media":58195,"comment_status":"open","ping_status":"closed","template":"","meta":[],"product_brand":[],"product_cat":[292,305],"product_tag":[],"class_list":{"0":"post-58188","1":"product","2":"type-product","3":"status-publish","4":"has-post-thumbnail","6":"product_cat-femra","7":"product_cat-koleksioni-i-veres","10":"first","11":"instock","12":"taxable","13":"shipping-taxable","14":"purchasable","15":"product-type-variable"},"_links":{"self":[{"href":"https:\/\/musabelliu.com\/sq\/wp-json\/wp\/v2\/product\/58188","targetHints":{"allow":["GET"]}}],"collection":[{"href":"https:\/\/musabelliu.com\/sq\/wp-json\/wp\/v2\/product"}],"about":[{"href":"https:\/\/musabelliu.com\/sq\/wp-json\/wp\/v2\/types\/product"}],"replies":[{"embeddable":true,"href":"https:\/\/musabelliu.com\/sq\/wp-json\/wp\/v2\/comments?post=58188"}],"wp:featuredmedia":[{"embeddable":true,"href":"https:\/\/musabelliu.com\/sq\/wp-json\/wp\/v2\/media\/58195"}],"wp:attachment":[{"href":"https:\/\/musabelliu.com\/sq\/wp-json\/wp\/v2\/media?parent=58188"}],"wp:term":[{"taxonomy":"product_brand","embeddable":true,"href":"https:\/\/musabelliu.com\/sq\/wp-json\/wp\/v2\/product_brand?post=58188"},{"taxonomy":"product_cat","embeddable":true,"href":"https:\/\/musabelliu.com\/sq\/wp-json\/wp\/v2\/product_cat?post=58188"},{"taxonomy":"product_tag","embeddable":true,"href":"https:\/\/musabelliu.com\/sq\/wp-json\/wp\/v2\/product_tag?post=58188"}],"curies":[{"name":"wp","href":"https:\/\/api.w.org\/{rel}","templated":true}]}}