{"id":58174,"date":"2025-05-29T15:20:31","date_gmt":"2025-05-29T15:20:31","guid":{"rendered":"https:\/\/musabelliu.com\/product\/kemishe-serafina\/"},"modified":"2026-03-02T17:10:45","modified_gmt":"2026-03-02T17:10:45","slug":"kemishe-serafina","status":"publish","type":"product","link":"https:\/\/musabelliu.com\/sq\/produkt\/kemishe-serafina\/","title":{"rendered":"K\u00ebmish\u00eb Serafina"},"content":{"rendered":"<p>K\u00ebmish\u00eb me m\u00ebng\u00eb t\u00eb shkurtra me motiv \u201ek\u00ebmb\u00eb gjeli\u201c n\u00eb t\u00eb verdh\u00eb dhe t\u00eb bardh\u00eb, e punuar nga nj\u00eb p\u00ebrzierje e thurur dhe e strukturuar. Karakterizohet nga nj\u00eb jak\u00eb e rrumbullak\u00ebt me nj\u00eb t\u00eb \u00e7ar\u00eb t\u00eb shkurt\u00ebr p\u00ebrpara dhe dy kopsa metalike dekorative. K\u00ebmisha \u00ebsht\u00eb plot\u00ebsisht e veshur me astar p\u00ebr komoditet dhe struktur\u00eb shtes\u00eb. Ky model ofron nj\u00eb siluet\u00eb t\u00eb past\u00ebr e t\u00eb rregullt, me ndjesi t\u00eb but\u00eb n\u00eb prekje dhe pak elasticitet.   <\/p>\n","protected":false},"excerpt":{"rendered":"<p>K\u00ebmish\u00eb me m\u00ebng\u00eb t\u00eb shkurtra me motiv \u201ek\u00ebmb\u00eb gjeli\u201c n\u00eb t\u00eb verdh\u00eb dhe t\u00eb bardh\u00eb, e punuar nga nj\u00eb p\u00ebrzierje e thurur dhe e strukturuar. Karakterizohet nga nj\u00eb jak\u00eb e rrumbullak\u00ebt me nj\u00eb t\u00eb \u00e7ar\u00eb t\u00eb shkurt\u00ebr p\u00ebrpara dhe dy kopsa metalike dekorative. K\u00ebmisha \u00ebsht\u00eb plot\u00ebsisht e veshur me astar p\u00ebr komoditet dhe struktur\u00eb shtes\u00eb. Ky model ofron nj\u00eb siluet\u00eb t\u00eb past\u00ebr e t\u00eb rregullt, me ndjesi t\u00eb but\u00eb n\u00eb prekje dhe pak elasticitet.   <\/p>\n","protected":false},"featured_media":58180,"comment_status":"open","ping_status":"closed","template":"","meta":[],"product_brand":[],"product_cat":[292,305],"product_tag":[],"class_list":{"0":"post-58174","1":"product","2":"type-product","3":"status-publish","4":"has-post-thumbnail","6":"product_cat-femra","7":"product_cat-koleksioni-i-veres","10":"first","11":"instock","12":"taxable","13":"shipping-taxable","14":"purchasable","15":"product-type-variable","16":"has-default-attributes"},"_links":{"self":[{"href":"https:\/\/musabelliu.com\/sq\/wp-json\/wp\/v2\/product\/58174","targetHints":{"allow":["GET"]}}],"collection":[{"href":"https:\/\/musabelliu.com\/sq\/wp-json\/wp\/v2\/product"}],"about":[{"href":"https:\/\/musabelliu.com\/sq\/wp-json\/wp\/v2\/types\/product"}],"replies":[{"embeddable":true,"href":"https:\/\/musabelliu.com\/sq\/wp-json\/wp\/v2\/comments?post=58174"}],"wp:featuredmedia":[{"embeddable":true,"href":"https:\/\/musabelliu.com\/sq\/wp-json\/wp\/v2\/media\/58180"}],"wp:attachment":[{"href":"https:\/\/musabelliu.com\/sq\/wp-json\/wp\/v2\/media?parent=58174"}],"wp:term":[{"taxonomy":"product_brand","embeddable":true,"href":"https:\/\/musabelliu.com\/sq\/wp-json\/wp\/v2\/product_brand?post=58174"},{"taxonomy":"product_cat","embeddable":true,"href":"https:\/\/musabelliu.com\/sq\/wp-json\/wp\/v2\/product_cat?post=58174"},{"taxonomy":"product_tag","embeddable":true,"href":"https:\/\/musabelliu.com\/sq\/wp-json\/wp\/v2\/product_tag?post=58174"}],"curies":[{"name":"wp","href":"https:\/\/api.w.org\/{rel}","templated":true}]}}