{"id":58143,"date":"2025-05-30T06:29:52","date_gmt":"2025-05-30T06:29:52","guid":{"rendered":"https:\/\/musabelliu.com\/product\/pantallona-sinbad\/"},"modified":"2026-03-02T17:01:00","modified_gmt":"2026-03-02T17:01:00","slug":"pantallona-sinbad","status":"publish","type":"product","link":"https:\/\/musabelliu.com\/sq\/produkt\/pantallona-sinbad\/","title":{"rendered":"Pantallona Sinbad"},"content":{"rendered":"<p>T\u00eb qepura nga nj\u00eb cop\u00eb twill me pamje xhinsi, k\u00ebto pantallona me bel shum\u00eb t\u00eb lart\u00eb jan\u00eb dizajnuar p\u00ebr t\u00eb zgjatur dhe strukturuar siluet\u00ebn. Me nj\u00eb zinxhir t\u00eb paduksh\u00ebm mbrapa, pinca p\u00ebrpara p\u00ebr form\u00ebsim dhe xhepa me kopsa dekorative n\u00eb ngjyr\u00eb ari, ato nd\u00ebrthurin eleganc\u00ebn me nj\u00eb stil t\u00eb rafinuar. Pjesa e poshtme \u00ebsht\u00eb e prer\u00eb n\u00eb diagonal, duke krijuar nj\u00eb v\u00ebllim skulpturor dhe rrjedhshm\u00ebri. T\u00eb veshura plot\u00ebsisht me astar p\u00ebr komoditet.   <\/p>\n","protected":false},"excerpt":{"rendered":"<p>T\u00eb qepura nga nj\u00eb cop\u00eb twill me pamje xhinsi, k\u00ebto pantallona me bel shum\u00eb t\u00eb lart\u00eb jan\u00eb dizajnuar p\u00ebr t\u00eb zgjatur dhe strukturuar siluet\u00ebn. Me nj\u00eb zinxhir t\u00eb paduksh\u00ebm mbrapa, pinca p\u00ebrpara p\u00ebr form\u00ebsim dhe xhepa me kopsa dekorative n\u00eb ngjyr\u00eb ari, ato nd\u00ebrthurin eleganc\u00ebn me nj\u00eb stil t\u00eb rafinuar. Pjesa e poshtme \u00ebsht\u00eb e prer\u00eb n\u00eb diagonal, duke krijuar nj\u00eb v\u00ebllim skulpturor dhe rrjedhshm\u00ebri. T\u00eb veshura plot\u00ebsisht me astar p\u00ebr komoditet.   <\/p>\n","protected":false},"featured_media":58153,"comment_status":"open","ping_status":"closed","template":"","meta":[],"product_brand":[],"product_cat":[292,305],"product_tag":[],"class_list":{"0":"post-58143","1":"product","2":"type-product","3":"status-publish","4":"has-post-thumbnail","6":"product_cat-femra","7":"product_cat-koleksioni-i-veres","10":"first","11":"instock","12":"taxable","13":"shipping-taxable","14":"purchasable","15":"product-type-variable"},"_links":{"self":[{"href":"https:\/\/musabelliu.com\/sq\/wp-json\/wp\/v2\/product\/58143","targetHints":{"allow":["GET"]}}],"collection":[{"href":"https:\/\/musabelliu.com\/sq\/wp-json\/wp\/v2\/product"}],"about":[{"href":"https:\/\/musabelliu.com\/sq\/wp-json\/wp\/v2\/types\/product"}],"replies":[{"embeddable":true,"href":"https:\/\/musabelliu.com\/sq\/wp-json\/wp\/v2\/comments?post=58143"}],"wp:featuredmedia":[{"embeddable":true,"href":"https:\/\/musabelliu.com\/sq\/wp-json\/wp\/v2\/media\/58153"}],"wp:attachment":[{"href":"https:\/\/musabelliu.com\/sq\/wp-json\/wp\/v2\/media?parent=58143"}],"wp:term":[{"taxonomy":"product_brand","embeddable":true,"href":"https:\/\/musabelliu.com\/sq\/wp-json\/wp\/v2\/product_brand?post=58143"},{"taxonomy":"product_cat","embeddable":true,"href":"https:\/\/musabelliu.com\/sq\/wp-json\/wp\/v2\/product_cat?post=58143"},{"taxonomy":"product_tag","embeddable":true,"href":"https:\/\/musabelliu.com\/sq\/wp-json\/wp\/v2\/product_tag?post=58143"}],"curies":[{"name":"wp","href":"https:\/\/api.w.org\/{rel}","templated":true}]}}