{"id":58142,"date":"2025-05-29T15:20:36","date_gmt":"2025-05-29T15:20:36","guid":{"rendered":"https:\/\/musabelliu.com\/product\/xhakete-soraya\/"},"modified":"2026-03-02T17:10:40","modified_gmt":"2026-03-02T17:10:40","slug":"xhakete-soraya","status":"publish","type":"product","link":"https:\/\/musabelliu.com\/sq\/produkt\/xhakete-soraya\/","title":{"rendered":"Xhaket\u00eb Soraya"},"content":{"rendered":"<p>Kjo xhaket\u00eb e shkurt\u00ebr \u00ebsht\u00eb punuar nga satin i strukturuar me nj\u00eb shk\u00eblqim delikat dhe ka astar t\u00eb plot\u00eb e jast\u00ebk\u00eb n\u00eb shpatulla p\u00ebr m\u00eb shum\u00eb form\u00eb. Ajo ka jak\u00eb t\u00eb lart\u00eb, m\u00ebng\u00eb t\u00eb gjera deri te b\u00ebrryli dhe nj\u00eb siluet\u00eb katrore. Pjesa e p\u00ebrparme karakterizohet nga pala simetrike t\u00eb kornizuara nga nj\u00eb panel katror dhe mbyllet me kopsa t\u00eb arta.  <\/p>\n","protected":false},"excerpt":{"rendered":"<p>Kjo xhaket\u00eb e shkurt\u00ebr \u00ebsht\u00eb punuar nga satin i strukturuar me nj\u00eb shk\u00eblqim delikat dhe ka astar t\u00eb plot\u00eb e jast\u00ebk\u00eb n\u00eb shpatulla p\u00ebr m\u00eb shum\u00eb form\u00eb. Ajo ka jak\u00eb t\u00eb lart\u00eb, m\u00ebng\u00eb t\u00eb gjera deri te b\u00ebrryli dhe nj\u00eb siluet\u00eb katrore. Pjesa e p\u00ebrparme karakterizohet nga pala simetrike t\u00eb kornizuara nga nj\u00eb panel katror dhe mbyllet me kopsa t\u00eb arta.  <\/p>\n","protected":false},"featured_media":58118,"comment_status":"open","ping_status":"closed","template":"","meta":[],"product_brand":[],"product_cat":[292,305],"product_tag":[],"class_list":{"0":"post-58142","1":"product","2":"type-product","3":"status-publish","4":"has-post-thumbnail","6":"product_cat-femra","7":"product_cat-koleksioni-i-veres","10":"first","11":"outofstock","12":"taxable","13":"shipping-taxable","14":"purchasable","15":"product-type-variable"},"_links":{"self":[{"href":"https:\/\/musabelliu.com\/sq\/wp-json\/wp\/v2\/product\/58142","targetHints":{"allow":["GET"]}}],"collection":[{"href":"https:\/\/musabelliu.com\/sq\/wp-json\/wp\/v2\/product"}],"about":[{"href":"https:\/\/musabelliu.com\/sq\/wp-json\/wp\/v2\/types\/product"}],"replies":[{"embeddable":true,"href":"https:\/\/musabelliu.com\/sq\/wp-json\/wp\/v2\/comments?post=58142"}],"wp:featuredmedia":[{"embeddable":true,"href":"https:\/\/musabelliu.com\/sq\/wp-json\/wp\/v2\/media\/58118"}],"wp:attachment":[{"href":"https:\/\/musabelliu.com\/sq\/wp-json\/wp\/v2\/media?parent=58142"}],"wp:term":[{"taxonomy":"product_brand","embeddable":true,"href":"https:\/\/musabelliu.com\/sq\/wp-json\/wp\/v2\/product_brand?post=58142"},{"taxonomy":"product_cat","embeddable":true,"href":"https:\/\/musabelliu.com\/sq\/wp-json\/wp\/v2\/product_cat?post=58142"},{"taxonomy":"product_tag","embeddable":true,"href":"https:\/\/musabelliu.com\/sq\/wp-json\/wp\/v2\/product_tag?post=58142"}],"curies":[{"name":"wp","href":"https:\/\/api.w.org\/{rel}","templated":true}]}}