{"id":58112,"date":"2025-05-30T06:29:52","date_gmt":"2025-05-30T06:29:52","guid":{"rendered":"https:\/\/musabelliu.com\/product\/pantallona-porto\/"},"modified":"2026-03-02T16:44:54","modified_gmt":"2026-03-02T16:44:54","slug":"pantallona-porto","status":"publish","type":"product","link":"https:\/\/musabelliu.com\/sq\/produkt\/pantallona-porto\/","title":{"rendered":"Pantallona Porto"},"content":{"rendered":"<p>Pantallona me bel t\u00eb lart\u00eb dhe k\u00ebmb\u00eb t\u00eb gjera, t\u00eb prodhuara nga stof pambuku i strukturuar. Dizajnuar me pala p\u00ebrpara, tegel t\u00eb hekurosur dhe gjat\u00ebsi t\u00eb shkurtuar deri n\u00eb mes t\u00eb pulp\u00ebs. Kan\u00eb mbyllje me zinxhir dhe kops\u00eb n\u00eb ngjyr\u00eb ari, xhepa an\u00ebsor\u00eb dhe vrimat e rripit. T\u00eb veshura plot\u00ebsisht me astar p\u00ebr komoditet dhe struktur\u00eb shtes\u00eb, k\u00ebto pantallona ofrojn\u00eb nj\u00eb siluet\u00eb t\u00eb past\u00ebr dhe t\u00eb rregullt.   <\/p>\n","protected":false},"excerpt":{"rendered":"<p>Pantallona me bel t\u00eb lart\u00eb dhe k\u00ebmb\u00eb t\u00eb gjera, t\u00eb prodhuara nga stof pambuku i strukturuar. Dizajnuar me pala p\u00ebrpara, tegel t\u00eb hekurosur dhe gjat\u00ebsi t\u00eb shkurtuar deri n\u00eb mes t\u00eb pulp\u00ebs. Kan\u00eb mbyllje me zinxhir dhe kops\u00eb n\u00eb ngjyr\u00eb ari, xhepa an\u00ebsor\u00eb dhe vrimat e rripit. T\u00eb veshura plot\u00ebsisht me astar p\u00ebr komoditet dhe struktur\u00eb shtes\u00eb, k\u00ebto pantallona ofrojn\u00eb nj\u00eb siluet\u00eb t\u00eb past\u00ebr dhe t\u00eb rregullt.   <\/p>\n","protected":false},"featured_media":58129,"comment_status":"open","ping_status":"closed","template":"","meta":[],"product_brand":[],"product_cat":[292,305],"product_tag":[],"class_list":{"0":"post-58112","1":"product","2":"type-product","3":"status-publish","4":"has-post-thumbnail","6":"product_cat-femra","7":"product_cat-koleksioni-i-veres","10":"first","11":"instock","12":"taxable","13":"shipping-taxable","14":"purchasable","15":"product-type-variable"},"_links":{"self":[{"href":"https:\/\/musabelliu.com\/sq\/wp-json\/wp\/v2\/product\/58112","targetHints":{"allow":["GET"]}}],"collection":[{"href":"https:\/\/musabelliu.com\/sq\/wp-json\/wp\/v2\/product"}],"about":[{"href":"https:\/\/musabelliu.com\/sq\/wp-json\/wp\/v2\/types\/product"}],"replies":[{"embeddable":true,"href":"https:\/\/musabelliu.com\/sq\/wp-json\/wp\/v2\/comments?post=58112"}],"wp:featuredmedia":[{"embeddable":true,"href":"https:\/\/musabelliu.com\/sq\/wp-json\/wp\/v2\/media\/58129"}],"wp:attachment":[{"href":"https:\/\/musabelliu.com\/sq\/wp-json\/wp\/v2\/media?parent=58112"}],"wp:term":[{"taxonomy":"product_brand","embeddable":true,"href":"https:\/\/musabelliu.com\/sq\/wp-json\/wp\/v2\/product_brand?post=58112"},{"taxonomy":"product_cat","embeddable":true,"href":"https:\/\/musabelliu.com\/sq\/wp-json\/wp\/v2\/product_cat?post=58112"},{"taxonomy":"product_tag","embeddable":true,"href":"https:\/\/musabelliu.com\/sq\/wp-json\/wp\/v2\/product_tag?post=58112"}],"curies":[{"name":"wp","href":"https:\/\/api.w.org\/{rel}","templated":true}]}}