{"id":58111,"date":"2025-05-29T15:20:35","date_gmt":"2025-05-29T15:20:35","guid":{"rendered":"https:\/\/musabelliu.com\/product\/pantallona-te-shkurtra-soraya\/"},"modified":"2026-03-02T17:12:14","modified_gmt":"2026-03-02T17:12:14","slug":"pantallona-te-shkurtra-soraya","status":"publish","type":"product","link":"https:\/\/musabelliu.com\/sq\/produkt\/pantallona-te-shkurtra-soraya\/","title":{"rendered":"Pantallona t\u00eb shkurtra Soraya"},"content":{"rendered":"<p>Pantallona t\u00eb shkurtra klasike me bel t\u00eb lart\u00eb, pala p\u00ebrpara, xhepa an\u00ebsor\u00eb dhe rrip beli t\u00eb strukturuar. Kan\u00eb zinxhir t\u00eb fshehur p\u00ebrpara dhe nj\u00eb buton dekorativ ngjyr\u00eb ari n\u00eb bel. Punuar me qepje t\u00eb pastra n\u00eb \u00e7do detaj.  <\/p>\n","protected":false},"excerpt":{"rendered":"<p>Pantallona t\u00eb shkurtra klasike me bel t\u00eb lart\u00eb, pala p\u00ebrpara, xhepa an\u00ebsor\u00eb dhe rrip beli t\u00eb strukturuar. Kan\u00eb zinxhir t\u00eb fshehur p\u00ebrpara dhe nj\u00eb buton dekorativ ngjyr\u00eb ari n\u00eb bel. Punuar me qepje t\u00eb pastra n\u00eb \u00e7do detaj.  <\/p>\n","protected":false},"featured_media":58118,"comment_status":"open","ping_status":"closed","template":"","meta":[],"product_brand":[],"product_cat":[292,305],"product_tag":[],"class_list":{"0":"post-58111","1":"product","2":"type-product","3":"status-publish","4":"has-post-thumbnail","6":"product_cat-femra","7":"product_cat-koleksioni-i-veres","10":"first","11":"outofstock","12":"taxable","13":"shipping-taxable","14":"purchasable","15":"product-type-variable"},"_links":{"self":[{"href":"https:\/\/musabelliu.com\/sq\/wp-json\/wp\/v2\/product\/58111","targetHints":{"allow":["GET"]}}],"collection":[{"href":"https:\/\/musabelliu.com\/sq\/wp-json\/wp\/v2\/product"}],"about":[{"href":"https:\/\/musabelliu.com\/sq\/wp-json\/wp\/v2\/types\/product"}],"replies":[{"embeddable":true,"href":"https:\/\/musabelliu.com\/sq\/wp-json\/wp\/v2\/comments?post=58111"}],"wp:featuredmedia":[{"embeddable":true,"href":"https:\/\/musabelliu.com\/sq\/wp-json\/wp\/v2\/media\/58118"}],"wp:attachment":[{"href":"https:\/\/musabelliu.com\/sq\/wp-json\/wp\/v2\/media?parent=58111"}],"wp:term":[{"taxonomy":"product_brand","embeddable":true,"href":"https:\/\/musabelliu.com\/sq\/wp-json\/wp\/v2\/product_brand?post=58111"},{"taxonomy":"product_cat","embeddable":true,"href":"https:\/\/musabelliu.com\/sq\/wp-json\/wp\/v2\/product_cat?post=58111"},{"taxonomy":"product_tag","embeddable":true,"href":"https:\/\/musabelliu.com\/sq\/wp-json\/wp\/v2\/product_tag?post=58111"}],"curies":[{"name":"wp","href":"https:\/\/api.w.org\/{rel}","templated":true}]}}