{"id":58084,"date":"2025-05-30T06:29:50","date_gmt":"2025-05-30T06:29:50","guid":{"rendered":"https:\/\/musabelliu.com\/product\/fustani-yara\/"},"modified":"2026-03-02T16:44:54","modified_gmt":"2026-03-02T16:44:54","slug":"fustani-yara","status":"publish","type":"product","link":"https:\/\/musabelliu.com\/sq\/produkt\/fustani-yara\/","title":{"rendered":"Fustani Yara"},"content":{"rendered":"<p>Ky fustan mini skulpturor me lidhje pas qafe \u00ebsht\u00eb punuar nga nj\u00eb p\u00eblhur\u00eb e fresk\u00ebt pambuku e p\u00ebrzier, i karakterizuar nga nj\u00eb pala voluminoze p\u00ebrpara e mbledhur n\u00eb i nj\u00eb rrip qafe t\u00eb strukturuar. Dekolteja hapet p\u00ebrpara dhe mbyllet me nj\u00eb kops\u00eb t\u00eb zbukuruar, duke shtuar nj\u00eb detaj delikat. Shpina e hapur krijon kontrast me volumin e plot\u00eb p\u00ebrpara, nd\u00ebrsa nj\u00eb zinxhir i fshehur n\u00eb pjes\u00ebn e poshtme t\u00eb shpin\u00ebs siguron nj\u00eb mbyllje t\u00eb past\u00ebr dhe p\u00ebrshtatje t\u00eb sigurt. Plot\u00ebsisht i veshur me astar p\u00ebr struktur\u00eb dhe komoditet.   <\/p>\n","protected":false},"excerpt":{"rendered":"<p>Ky fustan mini skulpturor me lidhje pas qafe \u00ebsht\u00eb punuar nga nj\u00eb p\u00eblhur\u00eb e fresk\u00ebt pambuku e p\u00ebrzier, i karakterizuar nga nj\u00eb pala voluminoze p\u00ebrpara e mbledhur n\u00eb i nj\u00eb rrip qafe t\u00eb strukturuar. Dekolteja hapet p\u00ebrpara dhe mbyllet me nj\u00eb kops\u00eb t\u00eb zbukuruar, duke shtuar nj\u00eb detaj delikat. Shpina e hapur krijon kontrast me volumin e plot\u00eb p\u00ebrpara, nd\u00ebrsa nj\u00eb zinxhir i fshehur n\u00eb pjes\u00ebn e poshtme t\u00eb shpin\u00ebs siguron nj\u00eb mbyllje t\u00eb past\u00ebr dhe p\u00ebrshtatje t\u00eb sigurt. Plot\u00ebsisht i veshur me astar p\u00ebr struktur\u00eb dhe komoditet.   <\/p>\n","protected":false},"featured_media":58097,"comment_status":"open","ping_status":"closed","template":"","meta":[],"product_brand":[],"product_cat":[292,305],"product_tag":[],"class_list":{"0":"post-58084","1":"product","2":"type-product","3":"status-publish","4":"has-post-thumbnail","6":"product_cat-femra","7":"product_cat-koleksioni-i-veres","10":"first","11":"instock","12":"taxable","13":"shipping-taxable","14":"purchasable","15":"product-type-variable"},"_links":{"self":[{"href":"https:\/\/musabelliu.com\/sq\/wp-json\/wp\/v2\/product\/58084","targetHints":{"allow":["GET"]}}],"collection":[{"href":"https:\/\/musabelliu.com\/sq\/wp-json\/wp\/v2\/product"}],"about":[{"href":"https:\/\/musabelliu.com\/sq\/wp-json\/wp\/v2\/types\/product"}],"replies":[{"embeddable":true,"href":"https:\/\/musabelliu.com\/sq\/wp-json\/wp\/v2\/comments?post=58084"}],"wp:featuredmedia":[{"embeddable":true,"href":"https:\/\/musabelliu.com\/sq\/wp-json\/wp\/v2\/media\/58097"}],"wp:attachment":[{"href":"https:\/\/musabelliu.com\/sq\/wp-json\/wp\/v2\/media?parent=58084"}],"wp:term":[{"taxonomy":"product_brand","embeddable":true,"href":"https:\/\/musabelliu.com\/sq\/wp-json\/wp\/v2\/product_brand?post=58084"},{"taxonomy":"product_cat","embeddable":true,"href":"https:\/\/musabelliu.com\/sq\/wp-json\/wp\/v2\/product_cat?post=58084"},{"taxonomy":"product_tag","embeddable":true,"href":"https:\/\/musabelliu.com\/sq\/wp-json\/wp\/v2\/product_tag?post=58084"}],"curies":[{"name":"wp","href":"https:\/\/api.w.org\/{rel}","templated":true}]}}