{"id":58083,"date":"2025-05-29T15:20:34","date_gmt":"2025-05-29T15:20:34","guid":{"rendered":"https:\/\/musabelliu.com\/product\/top-zafirah-me-lidhje-ne-qafe\/"},"modified":"2026-03-02T16:44:53","modified_gmt":"2026-03-02T16:44:53","slug":"top-zafirah-me-lidhje-ne-qafe","status":"publish","type":"product","link":"https:\/\/musabelliu.com\/sq\/produkt\/top-zafirah-me-lidhje-ne-qafe\/","title":{"rendered":"Top Zafirah me lidhje n\u00eb qaf\u00eb"},"content":{"rendered":"<p>Ky top mbres\u00ebl\u00ebn\u00ebs me lidhje n\u00eb qaf\u00eb \u00ebsht\u00eb punuar nga shifoni i leht\u00eb dhe gjysm\u00eb i tejduksh\u00ebm n\u00eb ngjyr\u00eb blu kobalt t\u00eb gjall\u00eb. I dizajnuar me nj\u00eb siluet\u00eb voluminoze \u201eballoon\u201c, ai vjen me nj\u00eb rreth elastik n\u00eb fund dhe dekolte t\u00eb mbledhur p\u00ebr nj\u00eb r\u00ebnie t\u00eb but\u00eb t\u00eb cop\u00ebs. Rripi i qaf\u00ebs mb\u00ebrthehet me nj\u00eb detaj metalik t\u00eb mark\u00ebs dhe e l\u00eb shpin\u00ebn plot\u00ebsisht t\u00eb hapur, duke krijuar nj\u00eb kontrast t\u00eb fort\u00eb me pjes\u00ebn e p\u00ebrparme skulpturore. Pa astar, p\u00ebr nj\u00eb ndjesi fluide.   <\/p>\n","protected":false},"excerpt":{"rendered":"<p>Ky top mbres\u00ebl\u00ebn\u00ebs me lidhje n\u00eb qaf\u00eb \u00ebsht\u00eb punuar nga shifoni i leht\u00eb dhe gjysm\u00eb i tejduksh\u00ebm n\u00eb ngjyr\u00eb blu kobalt t\u00eb gjall\u00eb. I dizajnuar me nj\u00eb siluet\u00eb voluminoze \u201eballoon\u201c, ai vjen me nj\u00eb rreth elastik n\u00eb fund dhe dekolte t\u00eb mbledhur p\u00ebr nj\u00eb r\u00ebnie t\u00eb but\u00eb t\u00eb cop\u00ebs. Rripi i qaf\u00ebs mb\u00ebrthehet me nj\u00eb detaj metalik t\u00eb mark\u00ebs dhe e l\u00eb shpin\u00ebn plot\u00ebsisht t\u00eb hapur, duke krijuar nj\u00eb kontrast t\u00eb fort\u00eb me pjes\u00ebn e p\u00ebrparme skulpturore. Pa astar, p\u00ebr nj\u00eb ndjesi fluide.   <\/p>\n","protected":false},"featured_media":58085,"comment_status":"open","ping_status":"closed","template":"","meta":[],"product_brand":[],"product_cat":[292,305],"product_tag":[],"class_list":{"0":"post-58083","1":"product","2":"type-product","3":"status-publish","4":"has-post-thumbnail","6":"product_cat-femra","7":"product_cat-koleksioni-i-veres","10":"first","11":"instock","12":"taxable","13":"shipping-taxable","14":"purchasable","15":"product-type-variable"},"_links":{"self":[{"href":"https:\/\/musabelliu.com\/sq\/wp-json\/wp\/v2\/product\/58083","targetHints":{"allow":["GET"]}}],"collection":[{"href":"https:\/\/musabelliu.com\/sq\/wp-json\/wp\/v2\/product"}],"about":[{"href":"https:\/\/musabelliu.com\/sq\/wp-json\/wp\/v2\/types\/product"}],"replies":[{"embeddable":true,"href":"https:\/\/musabelliu.com\/sq\/wp-json\/wp\/v2\/comments?post=58083"}],"wp:featuredmedia":[{"embeddable":true,"href":"https:\/\/musabelliu.com\/sq\/wp-json\/wp\/v2\/media\/58085"}],"wp:attachment":[{"href":"https:\/\/musabelliu.com\/sq\/wp-json\/wp\/v2\/media?parent=58083"}],"wp:term":[{"taxonomy":"product_brand","embeddable":true,"href":"https:\/\/musabelliu.com\/sq\/wp-json\/wp\/v2\/product_brand?post=58083"},{"taxonomy":"product_cat","embeddable":true,"href":"https:\/\/musabelliu.com\/sq\/wp-json\/wp\/v2\/product_cat?post=58083"},{"taxonomy":"product_tag","embeddable":true,"href":"https:\/\/musabelliu.com\/sq\/wp-json\/wp\/v2\/product_tag?post=58083"}],"curies":[{"name":"wp","href":"https:\/\/api.w.org\/{rel}","templated":true}]}}