{"id":58051,"date":"2025-05-29T15:20:39","date_gmt":"2025-05-29T15:20:39","guid":{"rendered":"https:\/\/musabelliu.com\/product\/kemishe-daria\/"},"modified":"2026-03-02T17:12:16","modified_gmt":"2026-03-02T17:12:16","slug":"kemishe-daria","status":"publish","type":"product","link":"https:\/\/musabelliu.com\/sq\/produkt\/kemishe-daria\/","title":{"rendered":"K\u00ebmish\u00eb Daria"},"content":{"rendered":"<p>K\u00ebmish\u00eb e stiluar me vija vertikale blu dhe t\u00eb bardha. M\u00ebng\u00eb t\u00eb gjata. Siluet\u00eb e puthitur me pinca n\u00eb bel. Jak\u00eb k\u00ebmishe me maj\u00eb. Dekolte e thell\u00eb V. Mbyllje n\u00eb kraharor me shuf\u00ebr ari me logo t\u00eb gdhendur.     <\/p>\n","protected":false},"excerpt":{"rendered":"<p>K\u00ebmish\u00eb e stiluar me vija vertikale blu dhe t\u00eb bardha. M\u00ebng\u00eb t\u00eb gjata. Siluet\u00eb e puthitur me pinca n\u00eb bel. Jak\u00eb k\u00ebmishe me maj\u00eb. Dekolte e thell\u00eb V. Mbyllje n\u00eb kraharor me shuf\u00ebr ari me logo t\u00eb gdhendur.     <\/p>\n","protected":false},"featured_media":58068,"comment_status":"open","ping_status":"closed","template":"","meta":[],"product_brand":[],"product_cat":[292,305],"product_tag":[],"class_list":{"0":"post-58051","1":"product","2":"type-product","3":"status-publish","4":"has-post-thumbnail","6":"product_cat-femra","7":"product_cat-koleksioni-i-veres","10":"first","11":"instock","12":"taxable","13":"shipping-taxable","14":"purchasable","15":"product-type-variable"},"_links":{"self":[{"href":"https:\/\/musabelliu.com\/sq\/wp-json\/wp\/v2\/product\/58051","targetHints":{"allow":["GET"]}}],"collection":[{"href":"https:\/\/musabelliu.com\/sq\/wp-json\/wp\/v2\/product"}],"about":[{"href":"https:\/\/musabelliu.com\/sq\/wp-json\/wp\/v2\/types\/product"}],"replies":[{"embeddable":true,"href":"https:\/\/musabelliu.com\/sq\/wp-json\/wp\/v2\/comments?post=58051"}],"wp:featuredmedia":[{"embeddable":true,"href":"https:\/\/musabelliu.com\/sq\/wp-json\/wp\/v2\/media\/58068"}],"wp:attachment":[{"href":"https:\/\/musabelliu.com\/sq\/wp-json\/wp\/v2\/media?parent=58051"}],"wp:term":[{"taxonomy":"product_brand","embeddable":true,"href":"https:\/\/musabelliu.com\/sq\/wp-json\/wp\/v2\/product_brand?post=58051"},{"taxonomy":"product_cat","embeddable":true,"href":"https:\/\/musabelliu.com\/sq\/wp-json\/wp\/v2\/product_cat?post=58051"},{"taxonomy":"product_tag","embeddable":true,"href":"https:\/\/musabelliu.com\/sq\/wp-json\/wp\/v2\/product_tag?post=58051"}],"curies":[{"name":"wp","href":"https:\/\/api.w.org\/{rel}","templated":true}]}}