{"id":58050,"date":"2025-05-29T15:20:30","date_gmt":"2025-05-29T15:20:30","guid":{"rendered":"https:\/\/musabelliu.com\/product\/shorte-serafina\/"},"modified":"2026-03-02T17:10:46","modified_gmt":"2026-03-02T17:10:46","slug":"shorte-serafina","status":"publish","type":"product","link":"https:\/\/musabelliu.com\/sq\/produkt\/shorte-serafina\/","title":{"rendered":"Shorte Serafina"},"content":{"rendered":"<p>Shorte me bel t\u00eb lart\u00eb me motiv \u201ehoundstooth\u201c verdh\u00eb e bardh\u00eb, krijuar nga nj\u00eb p\u00ebrzierje e strukturuar tekstile. Dizajnuar me pjes\u00eb t\u00eb p\u00ebrparme t\u00eb thjesht\u00eb dhe dy kopsa dekorative t\u00eb zeza. Plot\u00ebsisht me astar dhe mbyllje me zinxhir t\u00eb fshehur mbrapa p\u00ebr nj\u00eb siluet\u00eb elegante. Prerje e rregullt me k\u00ebmb\u00eb paksa t\u00eb gjera p\u00ebr liri l\u00ebvizjeje.   <\/p>\n","protected":false},"excerpt":{"rendered":"<p>Shorte me bel t\u00eb lart\u00eb me motiv \u201ehoundstooth\u201c verdh\u00eb e bardh\u00eb, krijuar nga nj\u00eb p\u00ebrzierje e strukturuar tekstile. Dizajnuar me pjes\u00eb t\u00eb p\u00ebrparme t\u00eb thjesht\u00eb dhe dy kopsa dekorative t\u00eb zeza. Plot\u00ebsisht me astar dhe mbyllje me zinxhir t\u00eb fshehur mbrapa p\u00ebr nj\u00eb siluet\u00eb elegante. Prerje e rregullt me k\u00ebmb\u00eb paksa t\u00eb gjera p\u00ebr liri l\u00ebvizjeje.   <\/p>\n","protected":false},"featured_media":58063,"comment_status":"open","ping_status":"closed","template":"","meta":[],"product_brand":[],"product_cat":[292,305],"product_tag":[],"class_list":{"0":"post-58050","1":"product","2":"type-product","3":"status-publish","4":"has-post-thumbnail","6":"product_cat-femra","7":"product_cat-koleksioni-i-veres","10":"first","11":"instock","12":"taxable","13":"shipping-taxable","14":"purchasable","15":"product-type-variable","16":"has-default-attributes"},"_links":{"self":[{"href":"https:\/\/musabelliu.com\/sq\/wp-json\/wp\/v2\/product\/58050","targetHints":{"allow":["GET"]}}],"collection":[{"href":"https:\/\/musabelliu.com\/sq\/wp-json\/wp\/v2\/product"}],"about":[{"href":"https:\/\/musabelliu.com\/sq\/wp-json\/wp\/v2\/types\/product"}],"replies":[{"embeddable":true,"href":"https:\/\/musabelliu.com\/sq\/wp-json\/wp\/v2\/comments?post=58050"}],"wp:featuredmedia":[{"embeddable":true,"href":"https:\/\/musabelliu.com\/sq\/wp-json\/wp\/v2\/media\/58063"}],"wp:attachment":[{"href":"https:\/\/musabelliu.com\/sq\/wp-json\/wp\/v2\/media?parent=58050"}],"wp:term":[{"taxonomy":"product_brand","embeddable":true,"href":"https:\/\/musabelliu.com\/sq\/wp-json\/wp\/v2\/product_brand?post=58050"},{"taxonomy":"product_cat","embeddable":true,"href":"https:\/\/musabelliu.com\/sq\/wp-json\/wp\/v2\/product_cat?post=58050"},{"taxonomy":"product_tag","embeddable":true,"href":"https:\/\/musabelliu.com\/sq\/wp-json\/wp\/v2\/product_tag?post=58050"}],"curies":[{"name":"wp","href":"https:\/\/api.w.org\/{rel}","templated":true}]}}