{"id":58022,"date":"2026-02-04T19:52:58","date_gmt":"2026-02-04T19:52:58","guid":{"rendered":"https:\/\/musabelliu.com\/product\/fustan-maxi-me-shpine-te-hapur\/"},"modified":"2026-03-02T16:44:32","modified_gmt":"2026-03-02T16:44:32","slug":"fustan-maxi-me-shpine-te-hapur","status":"publish","type":"product","link":"https:\/\/musabelliu.com\/sq\/produkt\/fustan-maxi-me-shpine-te-hapur\/","title":{"rendered":"Fustan Maxi me Shpin\u00eb t\u00eb Hapur"},"content":{"rendered":"<p>Nj\u00eb fustan maxi elegant, q\u00eb ndjek linjat e trupit, i punuar nga tekstil triko elastik n\u00eb t\u00eb zez\u00eb klasike. I dizajnuar me dekolte t\u00eb rrumbullak\u00ebt dhe m\u00ebng\u00eb t\u00eb gjata t\u00eb ngushta, ai vjen me nj\u00eb prerje asimetrike dramatike n\u00eb shpin\u00eb, t\u00eb theksuar me kontur roz\u00eb t\u00eb fort\u00eb. Pjesa e pasme p\u00ebrfundon me nj\u00eb lidh\u00ebs metalik t\u00eb vog\u00ebl me logo n\u00eb qaf\u00eb, duke i shtuar nj\u00eb detaj t\u00eb rafinuar marke. Prerje e gjat\u00eb deri n\u00eb fund me nj\u00eb siluet\u00eb t\u00eb l\u00ebmuar dhe elegante.   <\/p>\n","protected":false},"excerpt":{"rendered":"<p>Nj\u00eb fustan maxi elegant, q\u00eb ndjek linjat e trupit, i punuar nga tekstil triko elastik n\u00eb t\u00eb zez\u00eb klasike. I dizajnuar me dekolte t\u00eb rrumbullak\u00ebt dhe m\u00ebng\u00eb t\u00eb gjata t\u00eb ngushta, ai vjen me nj\u00eb prerje asimetrike dramatike n\u00eb shpin\u00eb, t\u00eb theksuar me kontur roz\u00eb t\u00eb fort\u00eb. Pjesa e pasme p\u00ebrfundon me nj\u00eb lidh\u00ebs metalik t\u00eb vog\u00ebl me logo n\u00eb qaf\u00eb, duke i shtuar nj\u00eb detaj t\u00eb rafinuar marke. Prerje e gjat\u00eb deri n\u00eb fund me nj\u00eb siluet\u00eb t\u00eb l\u00ebmuar dhe elegante.   <\/p>\n","protected":false},"featured_media":58024,"comment_status":"open","ping_status":"closed","template":"","meta":[],"product_brand":[],"product_cat":[292,306,307],"product_tag":[],"class_list":{"0":"post-58022","1":"product","2":"type-product","3":"status-publish","4":"has-post-thumbnail","6":"product_cat-femra","7":"product_cat-ready-to-wear","8":"product_cat-vjeshte-dimer-25-26","11":"first","12":"instock","13":"taxable","14":"shipping-taxable","15":"purchasable","16":"product-type-variable"},"_links":{"self":[{"href":"https:\/\/musabelliu.com\/sq\/wp-json\/wp\/v2\/product\/58022","targetHints":{"allow":["GET"]}}],"collection":[{"href":"https:\/\/musabelliu.com\/sq\/wp-json\/wp\/v2\/product"}],"about":[{"href":"https:\/\/musabelliu.com\/sq\/wp-json\/wp\/v2\/types\/product"}],"replies":[{"embeddable":true,"href":"https:\/\/musabelliu.com\/sq\/wp-json\/wp\/v2\/comments?post=58022"}],"wp:featuredmedia":[{"embeddable":true,"href":"https:\/\/musabelliu.com\/sq\/wp-json\/wp\/v2\/media\/58024"}],"wp:attachment":[{"href":"https:\/\/musabelliu.com\/sq\/wp-json\/wp\/v2\/media?parent=58022"}],"wp:term":[{"taxonomy":"product_brand","embeddable":true,"href":"https:\/\/musabelliu.com\/sq\/wp-json\/wp\/v2\/product_brand?post=58022"},{"taxonomy":"product_cat","embeddable":true,"href":"https:\/\/musabelliu.com\/sq\/wp-json\/wp\/v2\/product_cat?post=58022"},{"taxonomy":"product_tag","embeddable":true,"href":"https:\/\/musabelliu.com\/sq\/wp-json\/wp\/v2\/product_tag?post=58022"}],"curies":[{"name":"wp","href":"https:\/\/api.w.org\/{rel}","templated":true}]}}