{"id":58015,"date":"2025-12-26T10:20:51","date_gmt":"2025-12-26T10:20:51","guid":{"rendered":"https:\/\/musabelliu.com\/product\/xhakete-xhins-me-zinxhir\/"},"modified":"2026-03-02T16:44:36","modified_gmt":"2026-03-02T16:44:36","slug":"xhakete-xhins-me-zinxhir","status":"publish","type":"product","link":"https:\/\/musabelliu.com\/sq\/produkt\/xhakete-xhins-me-zinxhir\/","title":{"rendered":"Xhaket\u00eb xhins me zinxhir"},"content":{"rendered":"<p>Nj\u00eb xhaket\u00eb xhins e strukturuar, e punuar nga xhins indigo i err\u00ebt me nj\u00eb pamje t\u00eb past\u00ebr dhe t\u00eb ngurt\u00eb. E dizajnuar me nj\u00eb siluet\u00eb t\u00eb drejt\u00eb, ajo p\u00ebrmban nj\u00eb jak\u00eb klasike me maj\u00eb, mbyllje me zinxhir n\u00eb t\u00eb gjith\u00eb gjat\u00ebsin\u00eb dhe tegela kontrastues t\u00eb duksh\u00ebm. Pjesa e p\u00ebrparme \u00ebsht\u00eb e detajuar me dy xhepa t\u00eb m\u00ebdhenj t\u00eb qepur n\u00eb kraharor dhe dy xhepa vertikal\u00eb n\u00eb bel. E kompletuar me m\u00ebng\u00eb t\u00eb gjata, ky\u00e7e me kopsa dhe nj\u00eb rezhd\u00eb t\u00eb drejt\u00eb, kjo xhaket\u00eb ofron nj\u00eb interpretim modern dhe t\u00eb mpreht\u00eb t\u00eb veshjeve klasike prej xhinsi.   <\/p>\n","protected":false},"excerpt":{"rendered":"<p>Nj\u00eb xhaket\u00eb xhins e strukturuar, e punuar nga xhins indigo i err\u00ebt me nj\u00eb pamje t\u00eb past\u00ebr dhe t\u00eb ngurt\u00eb. E dizajnuar me nj\u00eb siluet\u00eb t\u00eb drejt\u00eb, ajo p\u00ebrmban nj\u00eb jak\u00eb klasike me maj\u00eb, mbyllje me zinxhir n\u00eb t\u00eb gjith\u00eb gjat\u00ebsin\u00eb dhe tegela kontrastues t\u00eb duksh\u00ebm. Pjesa e p\u00ebrparme \u00ebsht\u00eb e detajuar me dy xhepa t\u00eb m\u00ebdhenj t\u00eb qepur n\u00eb kraharor dhe dy xhepa vertikal\u00eb n\u00eb bel. E kompletuar me m\u00ebng\u00eb t\u00eb gjata, ky\u00e7e me kopsa dhe nj\u00eb rezhd\u00eb t\u00eb drejt\u00eb, kjo xhaket\u00eb ofron nj\u00eb interpretim modern dhe t\u00eb mpreht\u00eb t\u00eb veshjeve klasike prej xhinsi.   <\/p>\n","protected":false},"featured_media":58017,"comment_status":"open","ping_status":"closed","template":"","meta":[],"product_brand":[],"product_cat":[317,316,307],"product_tag":[],"class_list":{"0":"post-58015","1":"product","2":"type-product","3":"status-publish","4":"has-post-thumbnail","6":"product_cat-ready-to-wear-2","7":"product_cat-meshkuj","8":"product_cat-vjeshte-dimer-25-26","11":"first","12":"instock","13":"taxable","14":"shipping-taxable","15":"purchasable","16":"product-type-variable"},"_links":{"self":[{"href":"https:\/\/musabelliu.com\/sq\/wp-json\/wp\/v2\/product\/58015","targetHints":{"allow":["GET"]}}],"collection":[{"href":"https:\/\/musabelliu.com\/sq\/wp-json\/wp\/v2\/product"}],"about":[{"href":"https:\/\/musabelliu.com\/sq\/wp-json\/wp\/v2\/types\/product"}],"replies":[{"embeddable":true,"href":"https:\/\/musabelliu.com\/sq\/wp-json\/wp\/v2\/comments?post=58015"}],"wp:featuredmedia":[{"embeddable":true,"href":"https:\/\/musabelliu.com\/sq\/wp-json\/wp\/v2\/media\/58017"}],"wp:attachment":[{"href":"https:\/\/musabelliu.com\/sq\/wp-json\/wp\/v2\/media?parent=58015"}],"wp:term":[{"taxonomy":"product_brand","embeddable":true,"href":"https:\/\/musabelliu.com\/sq\/wp-json\/wp\/v2\/product_brand?post=58015"},{"taxonomy":"product_cat","embeddable":true,"href":"https:\/\/musabelliu.com\/sq\/wp-json\/wp\/v2\/product_cat?post=58015"},{"taxonomy":"product_tag","embeddable":true,"href":"https:\/\/musabelliu.com\/sq\/wp-json\/wp\/v2\/product_tag?post=58015"}],"curies":[{"name":"wp","href":"https:\/\/api.w.org\/{rel}","templated":true}]}}