{"id":58009,"date":"2025-12-26T10:13:51","date_gmt":"2025-12-26T10:13:51","guid":{"rendered":"https:\/\/musabelliu.com\/product\/bluze-asimetrike\/"},"modified":"2026-03-11T11:28:55","modified_gmt":"2026-03-11T11:28:55","slug":"bluze-asimetrike","status":"publish","type":"product","link":"https:\/\/musabelliu.com\/sq\/produkt\/bluze-asimetrike\/","title":{"rendered":"Bluz\u00eb asimetrike"},"content":{"rendered":"<p>Bluz\u00eb e qepur sipas mas\u00ebs me pjes\u00eb t\u00eb p\u00ebrparme asimetrike, detaje t\u00eb buta me drapazh n\u00eb kraharor dhe mbyllje me karfic\u00eb metalike dekorative. Projektuar me bel t\u00eb theksuar, shpatulla t\u00eb strukturuara, m\u00ebng\u00eb t\u00eb gjata t\u00eb p\u00ebrfunduara me t\u00eb \u00e7ara an\u00ebsore delikate dhe nj\u00eb rreze t\u00eb pjerr\u00ebt p\u00ebr nj\u00eb siluet\u00eb t\u00eb mpreht\u00eb dhe t\u00eb skalitur. <\/p>\n","protected":false},"excerpt":{"rendered":"<p>Bluz\u00eb e qepur sipas mas\u00ebs me pjes\u00eb t\u00eb p\u00ebrparme asimetrike, detaje t\u00eb buta me drapazh n\u00eb kraharor dhe mbyllje me karfic\u00eb metalike dekorative. Projektuar me bel t\u00eb theksuar, shpatulla t\u00eb strukturuara, m\u00ebng\u00eb t\u00eb gjata t\u00eb p\u00ebrfunduara me t\u00eb \u00e7ara an\u00ebsore delikate dhe nj\u00eb rreze t\u00eb pjerr\u00ebt p\u00ebr nj\u00eb siluet\u00eb t\u00eb mpreht\u00eb dhe t\u00eb skalitur. <\/p>\n","protected":false},"featured_media":58013,"comment_status":"open","ping_status":"closed","template":"","meta":[],"product_brand":[],"product_cat":[292,306,307],"product_tag":[],"class_list":{"0":"post-58009","1":"product","2":"type-product","3":"status-publish","4":"has-post-thumbnail","6":"product_cat-femra","7":"product_cat-ready-to-wear","8":"product_cat-vjeshte-dimer-25-26","11":"first","12":"onbackorder","13":"taxable","14":"shipping-taxable","15":"purchasable","16":"product-type-variable"},"_links":{"self":[{"href":"https:\/\/musabelliu.com\/sq\/wp-json\/wp\/v2\/product\/58009","targetHints":{"allow":["GET"]}}],"collection":[{"href":"https:\/\/musabelliu.com\/sq\/wp-json\/wp\/v2\/product"}],"about":[{"href":"https:\/\/musabelliu.com\/sq\/wp-json\/wp\/v2\/types\/product"}],"replies":[{"embeddable":true,"href":"https:\/\/musabelliu.com\/sq\/wp-json\/wp\/v2\/comments?post=58009"}],"wp:featuredmedia":[{"embeddable":true,"href":"https:\/\/musabelliu.com\/sq\/wp-json\/wp\/v2\/media\/58013"}],"wp:attachment":[{"href":"https:\/\/musabelliu.com\/sq\/wp-json\/wp\/v2\/media?parent=58009"}],"wp:term":[{"taxonomy":"product_brand","embeddable":true,"href":"https:\/\/musabelliu.com\/sq\/wp-json\/wp\/v2\/product_brand?post=58009"},{"taxonomy":"product_cat","embeddable":true,"href":"https:\/\/musabelliu.com\/sq\/wp-json\/wp\/v2\/product_cat?post=58009"},{"taxonomy":"product_tag","embeddable":true,"href":"https:\/\/musabelliu.com\/sq\/wp-json\/wp\/v2\/product_tag?post=58009"}],"curies":[{"name":"wp","href":"https:\/\/api.w.org\/{rel}","templated":true}]}}