{"id":57993,"date":"2025-05-29T15:20:44","date_gmt":"2025-05-29T15:20:44","guid":{"rendered":"https:\/\/musabelliu.com\/product\/fustan-kemishe-cala\/"},"modified":"2026-03-02T17:12:13","modified_gmt":"2026-03-02T17:12:13","slug":"fustan-kemishe-cala","status":"publish","type":"product","link":"https:\/\/musabelliu.com\/sq\/produkt\/fustan-kemishe-cala\/","title":{"rendered":"Fustan K\u00ebmish\u00eb Cala"},"content":{"rendered":"<p>Nj\u00eb fustan k\u00ebmish\u00eb i gjat\u00eb dhe elegant prej liri t\u00eb bardh\u00eb, me jak\u00eb t\u00eb hapur, shpatulla me mbushje t\u00eb strukturuara dhe m\u00ebng\u00eb voluminoze t\u00eb mbyllura me kopsa metalike. Dekolteja e thell\u00eb n\u00eb form\u00eb V-je dhe dy kopsat metalike n\u00eb bel krijojn\u00eb nj\u00eb siluet\u00eb t\u00eb rafinuar. <\/p>\n","protected":false},"excerpt":{"rendered":"<p>Nj\u00eb fustan k\u00ebmish\u00eb i gjat\u00eb dhe elegant prej liri t\u00eb bardh\u00eb, me jak\u00eb t\u00eb hapur, shpatulla me mbushje t\u00eb strukturuara dhe m\u00ebng\u00eb voluminoze t\u00eb mbyllura me kopsa metalike. Dekolteja e thell\u00eb n\u00eb form\u00eb V-je dhe dy kopsat metalike n\u00eb bel krijojn\u00eb nj\u00eb siluet\u00eb t\u00eb rafinuar. <\/p>\n","protected":false},"featured_media":58000,"comment_status":"open","ping_status":"closed","template":"","meta":[],"product_brand":[],"product_cat":[292,305],"product_tag":[],"class_list":{"0":"post-57993","1":"product","2":"type-product","3":"status-publish","4":"has-post-thumbnail","6":"product_cat-femra","7":"product_cat-koleksioni-i-veres","10":"first","11":"instock","12":"taxable","13":"shipping-taxable","14":"purchasable","15":"product-type-variable"},"_links":{"self":[{"href":"https:\/\/musabelliu.com\/sq\/wp-json\/wp\/v2\/product\/57993","targetHints":{"allow":["GET"]}}],"collection":[{"href":"https:\/\/musabelliu.com\/sq\/wp-json\/wp\/v2\/product"}],"about":[{"href":"https:\/\/musabelliu.com\/sq\/wp-json\/wp\/v2\/types\/product"}],"replies":[{"embeddable":true,"href":"https:\/\/musabelliu.com\/sq\/wp-json\/wp\/v2\/comments?post=57993"}],"wp:featuredmedia":[{"embeddable":true,"href":"https:\/\/musabelliu.com\/sq\/wp-json\/wp\/v2\/media\/58000"}],"wp:attachment":[{"href":"https:\/\/musabelliu.com\/sq\/wp-json\/wp\/v2\/media?parent=57993"}],"wp:term":[{"taxonomy":"product_brand","embeddable":true,"href":"https:\/\/musabelliu.com\/sq\/wp-json\/wp\/v2\/product_brand?post=57993"},{"taxonomy":"product_cat","embeddable":true,"href":"https:\/\/musabelliu.com\/sq\/wp-json\/wp\/v2\/product_cat?post=57993"},{"taxonomy":"product_tag","embeddable":true,"href":"https:\/\/musabelliu.com\/sq\/wp-json\/wp\/v2\/product_tag?post=57993"}],"curies":[{"name":"wp","href":"https:\/\/api.w.org\/{rel}","templated":true}]}}