{"id":57973,"date":"2025-05-29T15:20:41","date_gmt":"2025-05-29T15:20:41","guid":{"rendered":"https:\/\/musabelliu.com\/product\/xhakete-nedirah\/"},"modified":"2026-03-02T16:44:55","modified_gmt":"2026-03-02T16:44:55","slug":"xhakete-nedirah","status":"publish","type":"product","link":"https:\/\/musabelliu.com\/sq\/produkt\/xhakete-nedirah\/","title":{"rendered":"Xhaket\u00eb Nedirah"},"content":{"rendered":"<p>Cop\u00eb e thurur me tekstur\u00eb dhe motiv zig-zag. E veshur plot\u00ebsisht me astar n\u00eb ngjyr\u00eb mishi. T\u00eb gjitha qepjet e brendshme jan\u00eb t\u00eb p\u00ebrforcuara. Mbyllet me nj\u00eb aksesor metalik n\u00eb ngjyr\u00eb ari me logon e gdhendur. M\u00ebng\u00eb t\u00eb gjera 3\/4. Gjat\u00ebsi deri n\u00eb mes t\u00eb kofsh\u00ebs.     <\/p>\n","protected":false},"excerpt":{"rendered":"<p>Cop\u00eb e thurur me tekstur\u00eb dhe motiv zig-zag. E veshur plot\u00ebsisht me astar n\u00eb ngjyr\u00eb mishi. T\u00eb gjitha qepjet e brendshme jan\u00eb t\u00eb p\u00ebrforcuara. Mbyllet me nj\u00eb aksesor metalik n\u00eb ngjyr\u00eb ari me logon e gdhendur. M\u00ebng\u00eb t\u00eb gjera 3\/4. Gjat\u00ebsi deri n\u00eb mes t\u00eb kofsh\u00ebs.     <\/p>\n","protected":false},"featured_media":57984,"comment_status":"open","ping_status":"closed","template":"","meta":[],"product_brand":[],"product_cat":[292,305],"product_tag":[],"class_list":{"0":"post-57973","1":"product","2":"type-product","3":"status-publish","4":"has-post-thumbnail","6":"product_cat-femra","7":"product_cat-koleksioni-i-veres","10":"first","11":"instock","12":"taxable","13":"shipping-taxable","14":"purchasable","15":"product-type-variable"},"_links":{"self":[{"href":"https:\/\/musabelliu.com\/sq\/wp-json\/wp\/v2\/product\/57973","targetHints":{"allow":["GET"]}}],"collection":[{"href":"https:\/\/musabelliu.com\/sq\/wp-json\/wp\/v2\/product"}],"about":[{"href":"https:\/\/musabelliu.com\/sq\/wp-json\/wp\/v2\/types\/product"}],"replies":[{"embeddable":true,"href":"https:\/\/musabelliu.com\/sq\/wp-json\/wp\/v2\/comments?post=57973"}],"wp:featuredmedia":[{"embeddable":true,"href":"https:\/\/musabelliu.com\/sq\/wp-json\/wp\/v2\/media\/57984"}],"wp:attachment":[{"href":"https:\/\/musabelliu.com\/sq\/wp-json\/wp\/v2\/media?parent=57973"}],"wp:term":[{"taxonomy":"product_brand","embeddable":true,"href":"https:\/\/musabelliu.com\/sq\/wp-json\/wp\/v2\/product_brand?post=57973"},{"taxonomy":"product_cat","embeddable":true,"href":"https:\/\/musabelliu.com\/sq\/wp-json\/wp\/v2\/product_cat?post=57973"},{"taxonomy":"product_tag","embeddable":true,"href":"https:\/\/musabelliu.com\/sq\/wp-json\/wp\/v2\/product_tag?post=57973"}],"curies":[{"name":"wp","href":"https:\/\/api.w.org\/{rel}","templated":true}]}}