{"id":57968,"date":"2025-12-26T10:25:31","date_gmt":"2025-12-26T10:25:31","guid":{"rendered":"https:\/\/musabelliu.com\/product\/xhinse-me-prerje-te-drejte\/"},"modified":"2026-03-02T16:44:34","modified_gmt":"2026-03-02T16:44:34","slug":"xhinse-me-prerje-te-drejte","status":"publish","type":"product","link":"https:\/\/musabelliu.com\/sq\/produkt\/xhinse-me-prerje-te-drejte\/","title":{"rendered":"Xhinse me prerje t\u00eb drejt\u00eb"},"content":{"rendered":"<p>Xhinse klasike me pes\u00eb xhepa, t\u00eb punuara nga xhins indigo i err\u00ebt me nj\u00eb p\u00ebrfundim t\u00eb past\u00ebr dhe t\u00eb strukturuar. T\u00eb dizajnuara me bel mesatar, vesh\u00eb p\u00ebr rripin dhe siluet\u00eb me k\u00ebmb\u00eb t\u00eb drejta. Detajuar me qepje kontrasti, mbyllje me kops\u00eb e zinxhir dhe q\u00ebndisje delikate t\u00eb mark\u00ebs n\u00eb xhepin e pasm\u00eb p\u00ebr nj\u00eb prekje t\u00eb rafinuar karakteristike.  <\/p>\n","protected":false},"excerpt":{"rendered":"<p>Xhinse klasike me pes\u00eb xhepa, t\u00eb punuara nga xhins indigo i err\u00ebt me nj\u00eb p\u00ebrfundim t\u00eb past\u00ebr dhe t\u00eb strukturuar. T\u00eb dizajnuara me bel mesatar, vesh\u00eb p\u00ebr rripin dhe siluet\u00eb me k\u00ebmb\u00eb t\u00eb drejta. Detajuar me qepje kontrasti, mbyllje me kops\u00eb e zinxhir dhe q\u00ebndisje delikate t\u00eb mark\u00ebs n\u00eb xhepin e pasm\u00eb p\u00ebr nj\u00eb prekje t\u00eb rafinuar karakteristike.  <\/p>\n","protected":false},"featured_media":57970,"comment_status":"open","ping_status":"closed","template":"","meta":[],"product_brand":[],"product_cat":[317,316,307],"product_tag":[],"class_list":{"0":"post-57968","1":"product","2":"type-product","3":"status-publish","4":"has-post-thumbnail","6":"product_cat-ready-to-wear-2","7":"product_cat-meshkuj","8":"product_cat-vjeshte-dimer-25-26","11":"first","12":"instock","13":"taxable","14":"shipping-taxable","15":"purchasable","16":"product-type-variable"},"_links":{"self":[{"href":"https:\/\/musabelliu.com\/sq\/wp-json\/wp\/v2\/product\/57968","targetHints":{"allow":["GET"]}}],"collection":[{"href":"https:\/\/musabelliu.com\/sq\/wp-json\/wp\/v2\/product"}],"about":[{"href":"https:\/\/musabelliu.com\/sq\/wp-json\/wp\/v2\/types\/product"}],"replies":[{"embeddable":true,"href":"https:\/\/musabelliu.com\/sq\/wp-json\/wp\/v2\/comments?post=57968"}],"wp:featuredmedia":[{"embeddable":true,"href":"https:\/\/musabelliu.com\/sq\/wp-json\/wp\/v2\/media\/57970"}],"wp:attachment":[{"href":"https:\/\/musabelliu.com\/sq\/wp-json\/wp\/v2\/media?parent=57968"}],"wp:term":[{"taxonomy":"product_brand","embeddable":true,"href":"https:\/\/musabelliu.com\/sq\/wp-json\/wp\/v2\/product_brand?post=57968"},{"taxonomy":"product_cat","embeddable":true,"href":"https:\/\/musabelliu.com\/sq\/wp-json\/wp\/v2\/product_cat?post=57968"},{"taxonomy":"product_tag","embeddable":true,"href":"https:\/\/musabelliu.com\/sq\/wp-json\/wp\/v2\/product_tag?post=57968"}],"curies":[{"name":"wp","href":"https:\/\/api.w.org\/{rel}","templated":true}]}}