{"id":57963,"date":"2026-01-23T12:01:17","date_gmt":"2026-01-23T12:01:17","guid":{"rendered":"https:\/\/musabelliu.com\/product\/shal-me-theke\/"},"modified":"2026-03-02T16:44:33","modified_gmt":"2026-03-02T16:44:33","slug":"shal-me-theke","status":"publish","type":"product","link":"https:\/\/musabelliu.com\/sq\/produkt\/shal-me-theke\/","title":{"rendered":"Shal me thek\u00eb"},"content":{"rendered":"<p>Shal drejtk\u00ebndor i leht\u00eb, i punuar nga nj\u00eb p\u00eblhur\u00eb e l\u00ebmuar me thurje t\u00eb but\u00eb. I dizajnuar me skaje t\u00eb rregullta dhe thek\u00eb delikate, ai varet natyrsh\u00ebm mbi shpatulla ose qaf\u00eb. I plot\u00ebsuar me nj\u00eb detaj logoje t\u00eb q\u00ebndisur holl\u00eb p\u00ebr nj\u00eb dukje minimale dhe elegante.  <\/p>\n","protected":false},"excerpt":{"rendered":"<p>Shal drejtk\u00ebndor i leht\u00eb, i punuar nga nj\u00eb p\u00eblhur\u00eb e l\u00ebmuar me thurje t\u00eb but\u00eb. I dizajnuar me skaje t\u00eb rregullta dhe thek\u00eb delikate, ai varet natyrsh\u00ebm mbi shpatulla ose qaf\u00eb. I plot\u00ebsuar me nj\u00eb detaj logoje t\u00eb q\u00ebndisur holl\u00eb p\u00ebr nj\u00eb dukje minimale dhe elegante.  <\/p>\n","protected":false},"featured_media":57967,"comment_status":"open","ping_status":"closed","template":"","meta":[],"product_brand":[],"product_cat":[309,292,306,307],"product_tag":[],"class_list":{"0":"post-57963","1":"product","2":"type-product","3":"status-publish","4":"has-post-thumbnail","6":"product_cat-aksesore","7":"product_cat-femra","8":"product_cat-ready-to-wear","9":"product_cat-vjeshte-dimer-25-26","12":"first","13":"instock","14":"taxable","15":"shipping-taxable","16":"purchasable","17":"product-type-simple"},"_links":{"self":[{"href":"https:\/\/musabelliu.com\/sq\/wp-json\/wp\/v2\/product\/57963","targetHints":{"allow":["GET"]}}],"collection":[{"href":"https:\/\/musabelliu.com\/sq\/wp-json\/wp\/v2\/product"}],"about":[{"href":"https:\/\/musabelliu.com\/sq\/wp-json\/wp\/v2\/types\/product"}],"replies":[{"embeddable":true,"href":"https:\/\/musabelliu.com\/sq\/wp-json\/wp\/v2\/comments?post=57963"}],"wp:featuredmedia":[{"embeddable":true,"href":"https:\/\/musabelliu.com\/sq\/wp-json\/wp\/v2\/media\/57967"}],"wp:attachment":[{"href":"https:\/\/musabelliu.com\/sq\/wp-json\/wp\/v2\/media?parent=57963"}],"wp:term":[{"taxonomy":"product_brand","embeddable":true,"href":"https:\/\/musabelliu.com\/sq\/wp-json\/wp\/v2\/product_brand?post=57963"},{"taxonomy":"product_cat","embeddable":true,"href":"https:\/\/musabelliu.com\/sq\/wp-json\/wp\/v2\/product_cat?post=57963"},{"taxonomy":"product_tag","embeddable":true,"href":"https:\/\/musabelliu.com\/sq\/wp-json\/wp\/v2\/product_tag?post=57963"}],"curies":[{"name":"wp","href":"https:\/\/api.w.org\/{rel}","templated":true}]}}