{"id":57957,"date":"2025-12-26T10:16:35","date_gmt":"2025-12-26T10:16:35","guid":{"rendered":"https:\/\/musabelliu.com\/product\/pantallona-me-prerje-te-ngushtuar\/"},"modified":"2026-03-02T16:44:36","modified_gmt":"2026-03-02T16:44:36","slug":"pantallona-me-prerje-te-ngushtuar","status":"publish","type":"product","link":"https:\/\/musabelliu.com\/sq\/produkt\/pantallona-me-prerje-te-ngushtuar\/","title":{"rendered":"Pantallona me prerje t\u00eb ngushtuar"},"content":{"rendered":"<p>Pantallona klasike me bel t\u00eb lart\u00eb, t\u00eb punuara nga nj\u00eb material i but\u00eb mat me tekstur\u00eb leht\u00ebsisht t\u00eb f\u00ebrkuar. Dizajnuar me pala p\u00ebrpara, xhepa an\u00ebsor\u00eb dhe k\u00ebmb\u00eb me prerje t\u00eb past\u00ebr t\u00eb ngushtuar, t\u00eb p\u00ebrfunduara me kthesa n\u00eb fund. Plot\u00ebsuar me nj\u00eb brez t\u00eb strukturuar dhe mbyllje me nj\u00eb kops\u00eb p\u00ebr nj\u00eb siluet\u00eb t\u00eb rafinuar dhe moderne.  <\/p>\n","protected":false},"excerpt":{"rendered":"<p>Pantallona klasike me bel t\u00eb lart\u00eb, t\u00eb punuara nga nj\u00eb material i but\u00eb mat me tekstur\u00eb leht\u00ebsisht t\u00eb f\u00ebrkuar. Dizajnuar me pala p\u00ebrpara, xhepa an\u00ebsor\u00eb dhe k\u00ebmb\u00eb me prerje t\u00eb past\u00ebr t\u00eb ngushtuar, t\u00eb p\u00ebrfunduara me kthesa n\u00eb fund. Plot\u00ebsuar me nj\u00eb brez t\u00eb strukturuar dhe mbyllje me nj\u00eb kops\u00eb p\u00ebr nj\u00eb siluet\u00eb t\u00eb rafinuar dhe moderne.  <\/p>\n","protected":false},"featured_media":57960,"comment_status":"open","ping_status":"closed","template":"","meta":[],"product_brand":[],"product_cat":[292,306,307],"product_tag":[],"class_list":{"0":"post-57957","1":"product","2":"type-product","3":"status-publish","4":"has-post-thumbnail","6":"product_cat-femra","7":"product_cat-ready-to-wear","8":"product_cat-vjeshte-dimer-25-26","11":"first","12":"onbackorder","13":"taxable","14":"shipping-taxable","15":"purchasable","16":"product-type-variable"},"_links":{"self":[{"href":"https:\/\/musabelliu.com\/sq\/wp-json\/wp\/v2\/product\/57957","targetHints":{"allow":["GET"]}}],"collection":[{"href":"https:\/\/musabelliu.com\/sq\/wp-json\/wp\/v2\/product"}],"about":[{"href":"https:\/\/musabelliu.com\/sq\/wp-json\/wp\/v2\/types\/product"}],"replies":[{"embeddable":true,"href":"https:\/\/musabelliu.com\/sq\/wp-json\/wp\/v2\/comments?post=57957"}],"wp:featuredmedia":[{"embeddable":true,"href":"https:\/\/musabelliu.com\/sq\/wp-json\/wp\/v2\/media\/57960"}],"wp:attachment":[{"href":"https:\/\/musabelliu.com\/sq\/wp-json\/wp\/v2\/media?parent=57957"}],"wp:term":[{"taxonomy":"product_brand","embeddable":true,"href":"https:\/\/musabelliu.com\/sq\/wp-json\/wp\/v2\/product_brand?post=57957"},{"taxonomy":"product_cat","embeddable":true,"href":"https:\/\/musabelliu.com\/sq\/wp-json\/wp\/v2\/product_cat?post=57957"},{"taxonomy":"product_tag","embeddable":true,"href":"https:\/\/musabelliu.com\/sq\/wp-json\/wp\/v2\/product_tag?post=57957"}],"curies":[{"name":"wp","href":"https:\/\/api.w.org\/{rel}","templated":true}]}}