{"id":57949,"date":"2026-02-04T19:55:20","date_gmt":"2026-02-04T19:55:20","guid":{"rendered":"https:\/\/musabelliu.com\/product\/fund-mini-me-mbeshtjellje\/"},"modified":"2026-03-02T16:44:33","modified_gmt":"2026-03-02T16:44:33","slug":"fund-mini-me-mbeshtjellje","status":"publish","type":"product","link":"https:\/\/musabelliu.com\/sq\/produkt\/fund-mini-me-mbeshtjellje\/","title":{"rendered":"Fund Mini me Mb\u00ebshtjellje"},"content":{"rendered":"<p>Nj\u00eb fund mini i strukturuar, i punuar nga p\u00eblhur\u00eb e thurur me vija n\u00eb ngjyr\u00eb marin\u00eb dhe t\u00eb bardh\u00eb. I dizajnuar me bel t\u00eb lart\u00eb, ai paraqet nj\u00eb pjes\u00eb t\u00eb p\u00ebrparme t\u00eb past\u00ebr me mb\u00ebshtjellje dhe nj\u00eb mbivendosje t\u00eb mpreht\u00eb n\u00eb form\u00eb V-je. Pjesa e p\u00ebrparme \u00ebsht\u00eb e detajuar me tre kopsa t\u00eb stampuara n\u00eb ngjyr\u00eb ari p\u00ebrgjat\u00eb qendr\u00ebs, duke shtuar nj\u00eb aksent dekorativ t\u00eb rafinuar. I kompletuar me panele kontrasti t\u00eb bardha n\u00eb bel, vendosje t\u00eb vijave n\u00eb k\u00ebnd p\u00ebr definim vizual, nj\u00eb siluet\u00eb t\u00eb ngusht\u00eb dhe nj\u00eb an\u00eb t\u00eb poshtme t\u00eb drejt\u00eb mini, ky fund ofron nj\u00eb version t\u00eb rafinuar dhe modern t\u00eb rrobaqep\u00ebsis\u00eb klasike detare.   <\/p>\n","protected":false},"excerpt":{"rendered":"<p>Nj\u00eb fund mini i strukturuar, i punuar nga p\u00eblhur\u00eb e thurur me vija n\u00eb ngjyr\u00eb marin\u00eb dhe t\u00eb bardh\u00eb. I dizajnuar me bel t\u00eb lart\u00eb, ai paraqet nj\u00eb pjes\u00eb t\u00eb p\u00ebrparme t\u00eb past\u00ebr me mb\u00ebshtjellje dhe nj\u00eb mbivendosje t\u00eb mpreht\u00eb n\u00eb form\u00eb V-je. Pjesa e p\u00ebrparme \u00ebsht\u00eb e detajuar me tre kopsa t\u00eb stampuara n\u00eb ngjyr\u00eb ari p\u00ebrgjat\u00eb qendr\u00ebs, duke shtuar nj\u00eb aksent dekorativ t\u00eb rafinuar. I kompletuar me panele kontrasti t\u00eb bardha n\u00eb bel, vendosje t\u00eb vijave n\u00eb k\u00ebnd p\u00ebr definim vizual, nj\u00eb siluet\u00eb t\u00eb ngusht\u00eb dhe nj\u00eb an\u00eb t\u00eb poshtme t\u00eb drejt\u00eb mini, ky fund ofron nj\u00eb version t\u00eb rafinuar dhe modern t\u00eb rrobaqep\u00ebsis\u00eb klasike detare.   <\/p>\n","protected":false},"featured_media":57955,"comment_status":"open","ping_status":"closed","template":"","meta":[],"product_brand":[],"product_cat":[292,306,307],"product_tag":[],"class_list":{"0":"post-57949","1":"product","2":"type-product","3":"status-publish","4":"has-post-thumbnail","6":"product_cat-femra","7":"product_cat-ready-to-wear","8":"product_cat-vjeshte-dimer-25-26","11":"first","12":"instock","13":"taxable","14":"shipping-taxable","15":"purchasable","16":"product-type-variable"},"_links":{"self":[{"href":"https:\/\/musabelliu.com\/sq\/wp-json\/wp\/v2\/product\/57949","targetHints":{"allow":["GET"]}}],"collection":[{"href":"https:\/\/musabelliu.com\/sq\/wp-json\/wp\/v2\/product"}],"about":[{"href":"https:\/\/musabelliu.com\/sq\/wp-json\/wp\/v2\/types\/product"}],"replies":[{"embeddable":true,"href":"https:\/\/musabelliu.com\/sq\/wp-json\/wp\/v2\/comments?post=57949"}],"wp:featuredmedia":[{"embeddable":true,"href":"https:\/\/musabelliu.com\/sq\/wp-json\/wp\/v2\/media\/57955"}],"wp:attachment":[{"href":"https:\/\/musabelliu.com\/sq\/wp-json\/wp\/v2\/media?parent=57949"}],"wp:term":[{"taxonomy":"product_brand","embeddable":true,"href":"https:\/\/musabelliu.com\/sq\/wp-json\/wp\/v2\/product_brand?post=57949"},{"taxonomy":"product_cat","embeddable":true,"href":"https:\/\/musabelliu.com\/sq\/wp-json\/wp\/v2\/product_cat?post=57949"},{"taxonomy":"product_tag","embeddable":true,"href":"https:\/\/musabelliu.com\/sq\/wp-json\/wp\/v2\/product_tag?post=57949"}],"curies":[{"name":"wp","href":"https:\/\/api.w.org\/{rel}","templated":true}]}}