{"id":57942,"date":"2026-01-23T11:56:34","date_gmt":"2026-01-23T11:56:34","guid":{"rendered":"https:\/\/musabelliu.com\/product\/xhakete-me-panel-zemre\/"},"modified":"2026-03-02T16:44:33","modified_gmt":"2026-03-02T16:44:33","slug":"xhakete-me-panel-zemre","status":"publish","type":"product","link":"https:\/\/musabelliu.com\/sq\/produkt\/xhakete-me-panel-zemre\/","title":{"rendered":"Xhaket\u00eb me Panel Zemre"},"content":{"rendered":"<p>Xhaket\u00eb e shkurt\u00ebr e qepur sipas mas\u00ebs, e punuar me cop\u00eb me vija dhe panele ballore t\u00eb gdhendura n\u00eb form\u00eb zemre me kontrast. Dizajnuar me dekolte t\u00eb rrumbullak\u00ebt, shpatulla t\u00eb strukturuara dhe m\u00ebng\u00eb t\u00eb gjata me mansheta me kontrast t\u00eb theksuar. E plot\u00ebsuar me kopsa dekorative n\u00eb ngjyr\u00eb ari p\u00ebr nj\u00eb stil grafik dhe guximtar.<br \/>\ncmimi  <\/p>\n","protected":false},"excerpt":{"rendered":"<p>Xhaket\u00eb e shkurt\u00ebr e qepur sipas mas\u00ebs, e punuar me cop\u00eb me vija dhe panele ballore t\u00eb gdhendura n\u00eb form\u00eb zemre me kontrast. Dizajnuar me dekolte t\u00eb rrumbullak\u00ebt, shpatulla t\u00eb strukturuara dhe m\u00ebng\u00eb t\u00eb gjata me mansheta me kontrast t\u00eb theksuar. E plot\u00ebsuar me kopsa dekorative n\u00eb ngjyr\u00eb ari p\u00ebr nj\u00eb stil grafik dhe guximtar.<br \/>\ncmimi  <\/p>\n","protected":false},"featured_media":57946,"comment_status":"open","ping_status":"closed","template":"","meta":[],"product_brand":[],"product_cat":[292,306,307],"product_tag":[],"class_list":{"0":"post-57942","1":"product","2":"type-product","3":"status-publish","4":"has-post-thumbnail","6":"product_cat-femra","7":"product_cat-ready-to-wear","8":"product_cat-vjeshte-dimer-25-26","11":"first","12":"instock","13":"taxable","14":"shipping-taxable","15":"purchasable","16":"product-type-variable"},"_links":{"self":[{"href":"https:\/\/musabelliu.com\/sq\/wp-json\/wp\/v2\/product\/57942","targetHints":{"allow":["GET"]}}],"collection":[{"href":"https:\/\/musabelliu.com\/sq\/wp-json\/wp\/v2\/product"}],"about":[{"href":"https:\/\/musabelliu.com\/sq\/wp-json\/wp\/v2\/types\/product"}],"replies":[{"embeddable":true,"href":"https:\/\/musabelliu.com\/sq\/wp-json\/wp\/v2\/comments?post=57942"}],"wp:featuredmedia":[{"embeddable":true,"href":"https:\/\/musabelliu.com\/sq\/wp-json\/wp\/v2\/media\/57946"}],"wp:attachment":[{"href":"https:\/\/musabelliu.com\/sq\/wp-json\/wp\/v2\/media?parent=57942"}],"wp:term":[{"taxonomy":"product_brand","embeddable":true,"href":"https:\/\/musabelliu.com\/sq\/wp-json\/wp\/v2\/product_brand?post=57942"},{"taxonomy":"product_cat","embeddable":true,"href":"https:\/\/musabelliu.com\/sq\/wp-json\/wp\/v2\/product_cat?post=57942"},{"taxonomy":"product_tag","embeddable":true,"href":"https:\/\/musabelliu.com\/sq\/wp-json\/wp\/v2\/product_tag?post=57942"}],"curies":[{"name":"wp","href":"https:\/\/api.w.org\/{rel}","templated":true}]}}