{"id":57935,"date":"2026-02-04T20:01:34","date_gmt":"2026-02-04T20:01:34","guid":{"rendered":"https:\/\/musabelliu.com\/product\/fustan-midi-me-rrudhosje\/"},"modified":"2026-03-02T16:44:33","modified_gmt":"2026-03-02T16:44:33","slug":"fustan-midi-me-rrudhosje","status":"publish","type":"product","link":"https:\/\/musabelliu.com\/sq\/produkt\/fustan-midi-me-rrudhosje\/","title":{"rendered":"Fustan midi me rrudhosje"},"content":{"rendered":"<p>Nj\u00eb fustan midi pas trupit, i punuar nga nj\u00eb cop\u00eb elastike me tekstur\u00eb n\u00eb nuanc\u00eb gri-livande t\u00eb zbeht\u00eb. I dizajnuar me dekolte t\u00eb gjer\u00eb vark\u00eb dhe m\u00ebng\u00eb t\u00eb gjata t\u00eb ngushta, ai ofron nj\u00eb siluet\u00eb elegante dhe t\u00eb skalitur. Nj\u00eb qepje qendrore me rrudhosje shtrihet nga dekolteja deri n\u00eb fund, p\u00ebrpara dhe mbrapa, duke krijuar palosje t\u00eb lehta q\u00eb theksojn\u00eb belin dhe ijet. I kompletuar me nj\u00eb tekstur\u00eb t\u00eb rrudhur t\u00eb stampuar, user nj\u00eb detaj delikat metalik t\u00eb logos n\u00eb pjes\u00ebn e sip\u00ebrme dhe gjat\u00ebsi n\u00ebn gju, ky fustan sjell nj\u00eb version modern dhe t\u00eb rafinuar t\u00eb veshjeve t\u00eb mbr\u00ebmjes q\u00eb theksojn\u00eb linjat.   <\/p>\n","protected":false},"excerpt":{"rendered":"<p>Nj\u00eb fustan midi pas trupit, i punuar nga nj\u00eb cop\u00eb elastike me tekstur\u00eb n\u00eb nuanc\u00eb gri-livande t\u00eb zbeht\u00eb. I dizajnuar me dekolte t\u00eb gjer\u00eb vark\u00eb dhe m\u00ebng\u00eb t\u00eb gjata t\u00eb ngushta, ai ofron nj\u00eb siluet\u00eb elegante dhe t\u00eb skalitur. Nj\u00eb qepje qendrore me rrudhosje shtrihet nga dekolteja deri n\u00eb fund, p\u00ebrpara dhe mbrapa, duke krijuar palosje t\u00eb lehta q\u00eb theksojn\u00eb belin dhe ijet. I kompletuar me nj\u00eb tekstur\u00eb t\u00eb rrudhur t\u00eb stampuar, user nj\u00eb detaj delikat metalik t\u00eb logos n\u00eb pjes\u00ebn e sip\u00ebrme dhe gjat\u00ebsi n\u00ebn gju, ky fustan sjell nj\u00eb version modern dhe t\u00eb rafinuar t\u00eb veshjeve t\u00eb mbr\u00ebmjes q\u00eb theksojn\u00eb linjat.   <\/p>\n","protected":false},"featured_media":57937,"comment_status":"open","ping_status":"closed","template":"","meta":[],"product_brand":[],"product_cat":[292,306,307],"product_tag":[],"class_list":{"0":"post-57935","1":"product","2":"type-product","3":"status-publish","4":"has-post-thumbnail","6":"product_cat-femra","7":"product_cat-ready-to-wear","8":"product_cat-vjeshte-dimer-25-26","11":"first","12":"instock","13":"taxable","14":"shipping-taxable","15":"purchasable","16":"product-type-variable"},"_links":{"self":[{"href":"https:\/\/musabelliu.com\/sq\/wp-json\/wp\/v2\/product\/57935","targetHints":{"allow":["GET"]}}],"collection":[{"href":"https:\/\/musabelliu.com\/sq\/wp-json\/wp\/v2\/product"}],"about":[{"href":"https:\/\/musabelliu.com\/sq\/wp-json\/wp\/v2\/types\/product"}],"replies":[{"embeddable":true,"href":"https:\/\/musabelliu.com\/sq\/wp-json\/wp\/v2\/comments?post=57935"}],"wp:featuredmedia":[{"embeddable":true,"href":"https:\/\/musabelliu.com\/sq\/wp-json\/wp\/v2\/media\/57937"}],"wp:attachment":[{"href":"https:\/\/musabelliu.com\/sq\/wp-json\/wp\/v2\/media?parent=57935"}],"wp:term":[{"taxonomy":"product_brand","embeddable":true,"href":"https:\/\/musabelliu.com\/sq\/wp-json\/wp\/v2\/product_brand?post=57935"},{"taxonomy":"product_cat","embeddable":true,"href":"https:\/\/musabelliu.com\/sq\/wp-json\/wp\/v2\/product_cat?post=57935"},{"taxonomy":"product_tag","embeddable":true,"href":"https:\/\/musabelliu.com\/sq\/wp-json\/wp\/v2\/product_tag?post=57935"}],"curies":[{"name":"wp","href":"https:\/\/api.w.org\/{rel}","templated":true}]}}