{"id":57928,"date":"2026-01-23T12:07:37","date_gmt":"2026-01-23T12:07:37","guid":{"rendered":"https:\/\/musabelliu.com\/product\/xhakete-me-menge-kimono\/"},"modified":"2026-03-02T16:44:32","modified_gmt":"2026-03-02T16:44:32","slug":"xhakete-me-menge-kimono","status":"publish","type":"product","link":"https:\/\/musabelliu.com\/sq\/produkt\/xhakete-me-menge-kimono\/","title":{"rendered":"Xhaket\u00eb me m\u00ebng\u00eb kimono"},"content":{"rendered":"<p>Xhaket\u00eb e shkurt\u00ebr me prerje &#8220;boxy&#8221; n\u00eb roz\u00eb pastel t\u00eb but\u00eb, me kopshtim t\u00eb dyfisht\u00eb dhe jaka t\u00eb m\u00ebdha me rreze. Ka m\u00ebng\u00eb kimono me kava t\u00eb integruar dhe mansheta t\u00eb gjera t\u00eb kthyera. Karakterizohet nga xhepa vertikal\u00eb diskret\u00eb, buz\u00eb t\u00eb drejt\u00eb dhe kopsa me logon e mark\u00ebs. <\/p>\n","protected":false},"excerpt":{"rendered":"<p>Xhaket\u00eb e shkurt\u00ebr me prerje &#8220;boxy&#8221; n\u00eb roz\u00eb pastel t\u00eb but\u00eb, me kopshtim t\u00eb dyfisht\u00eb dhe jaka t\u00eb m\u00ebdha me rreze. Ka m\u00ebng\u00eb kimono me kava t\u00eb integruar dhe mansheta t\u00eb gjera t\u00eb kthyera. Karakterizohet nga xhepa vertikal\u00eb diskret\u00eb, buz\u00eb t\u00eb drejt\u00eb dhe kopsa me logon e mark\u00ebs. <\/p>\n","protected":false},"featured_media":57933,"comment_status":"open","ping_status":"closed","template":"","meta":[],"product_brand":[],"product_cat":[292,306,307],"product_tag":[],"class_list":{"0":"post-57928","1":"product","2":"type-product","3":"status-publish","4":"has-post-thumbnail","6":"product_cat-femra","7":"product_cat-ready-to-wear","8":"product_cat-vjeshte-dimer-25-26","11":"first","12":"instock","13":"taxable","14":"shipping-taxable","15":"purchasable","16":"product-type-variable"},"_links":{"self":[{"href":"https:\/\/musabelliu.com\/sq\/wp-json\/wp\/v2\/product\/57928","targetHints":{"allow":["GET"]}}],"collection":[{"href":"https:\/\/musabelliu.com\/sq\/wp-json\/wp\/v2\/product"}],"about":[{"href":"https:\/\/musabelliu.com\/sq\/wp-json\/wp\/v2\/types\/product"}],"replies":[{"embeddable":true,"href":"https:\/\/musabelliu.com\/sq\/wp-json\/wp\/v2\/comments?post=57928"}],"wp:featuredmedia":[{"embeddable":true,"href":"https:\/\/musabelliu.com\/sq\/wp-json\/wp\/v2\/media\/57933"}],"wp:attachment":[{"href":"https:\/\/musabelliu.com\/sq\/wp-json\/wp\/v2\/media?parent=57928"}],"wp:term":[{"taxonomy":"product_brand","embeddable":true,"href":"https:\/\/musabelliu.com\/sq\/wp-json\/wp\/v2\/product_brand?post=57928"},{"taxonomy":"product_cat","embeddable":true,"href":"https:\/\/musabelliu.com\/sq\/wp-json\/wp\/v2\/product_cat?post=57928"},{"taxonomy":"product_tag","embeddable":true,"href":"https:\/\/musabelliu.com\/sq\/wp-json\/wp\/v2\/product_tag?post=57928"}],"curies":[{"name":"wp","href":"https:\/\/api.w.org\/{rel}","templated":true}]}}