{"id":57898,"date":"2025-05-29T15:20:28","date_gmt":"2025-05-29T15:20:28","guid":{"rendered":"https:\/\/musabelliu.com\/product\/bluze-surrah-me-supe-jashte\/"},"modified":"2026-03-02T16:44:54","modified_gmt":"2026-03-02T16:44:54","slug":"bluze-surrah-me-supe-jashte","status":"publish","type":"product","link":"https:\/\/musabelliu.com\/sq\/produkt\/bluze-surrah-me-supe-jashte\/","title":{"rendered":"Bluz\u00eb Surrah me supe jasht\u00eb"},"content":{"rendered":"<p>Bluz\u00eb me supe jasht\u00eb, e punuar nga nj\u00eb p\u00eblhur\u00eb e strukturuar n\u00eb nuanc\u00eb t\u00eb verdh\u00eb t\u00eb hapur. Dizajni karakterizohet nga nj\u00eb konstruksion i palosur p\u00ebrpara q\u00eb krijon nj\u00eb fund me maj\u00eb. Mbyllet p\u00ebrpara me nj\u00eb kap\u00ebse t\u00eb l\u00ebvizshme n\u00eb ngjyr\u00eb ari, e dekoruar me gur\u00eb blu dhe kristal\u00eb t\u00eb tejduksh\u00ebm. Bluza \u00ebsht\u00eb plot\u00ebsisht me astar.   <\/p>\n","protected":false},"excerpt":{"rendered":"<p>Bluz\u00eb me supe jasht\u00eb, e punuar nga nj\u00eb p\u00eblhur\u00eb e strukturuar n\u00eb nuanc\u00eb t\u00eb verdh\u00eb t\u00eb hapur. Dizajni karakterizohet nga nj\u00eb konstruksion i palosur p\u00ebrpara q\u00eb krijon nj\u00eb fund me maj\u00eb. Mbyllet p\u00ebrpara me nj\u00eb kap\u00ebse t\u00eb l\u00ebvizshme n\u00eb ngjyr\u00eb ari, e dekoruar me gur\u00eb blu dhe kristal\u00eb t\u00eb tejduksh\u00ebm. Bluza \u00ebsht\u00eb plot\u00ebsisht me astar.   <\/p>\n","protected":false},"featured_media":57905,"comment_status":"open","ping_status":"closed","template":"","meta":[],"product_brand":[],"product_cat":[292,305],"product_tag":[],"class_list":{"0":"post-57898","1":"product","2":"type-product","3":"status-publish","4":"has-post-thumbnail","6":"product_cat-femra","7":"product_cat-koleksioni-i-veres","10":"first","11":"outofstock","12":"taxable","13":"shipping-taxable","14":"purchasable","15":"product-type-variable","16":"has-default-attributes"},"_links":{"self":[{"href":"https:\/\/musabelliu.com\/sq\/wp-json\/wp\/v2\/product\/57898","targetHints":{"allow":["GET"]}}],"collection":[{"href":"https:\/\/musabelliu.com\/sq\/wp-json\/wp\/v2\/product"}],"about":[{"href":"https:\/\/musabelliu.com\/sq\/wp-json\/wp\/v2\/types\/product"}],"replies":[{"embeddable":true,"href":"https:\/\/musabelliu.com\/sq\/wp-json\/wp\/v2\/comments?post=57898"}],"wp:featuredmedia":[{"embeddable":true,"href":"https:\/\/musabelliu.com\/sq\/wp-json\/wp\/v2\/media\/57905"}],"wp:attachment":[{"href":"https:\/\/musabelliu.com\/sq\/wp-json\/wp\/v2\/media?parent=57898"}],"wp:term":[{"taxonomy":"product_brand","embeddable":true,"href":"https:\/\/musabelliu.com\/sq\/wp-json\/wp\/v2\/product_brand?post=57898"},{"taxonomy":"product_cat","embeddable":true,"href":"https:\/\/musabelliu.com\/sq\/wp-json\/wp\/v2\/product_cat?post=57898"},{"taxonomy":"product_tag","embeddable":true,"href":"https:\/\/musabelliu.com\/sq\/wp-json\/wp\/v2\/product_tag?post=57898"}],"curies":[{"name":"wp","href":"https:\/\/api.w.org\/{rel}","templated":true}]}}