{"id":58342,"date":"2021-11-17T04:23:35","date_gmt":"2021-11-17T04:23:35","guid":{"rendered":"https:\/\/musabelliu.com\/faqja-kryesore\/"},"modified":"2026-02-28T21:10:34","modified_gmt":"2026-02-28T21:10:34","slug":"faqja-kryesore","status":"publish","type":"page","link":"https:\/\/musabelliu.com\/sq\/","title":{"rendered":"Faqja kryesore"},"content":{"rendered":"\t\t<div data-elementor-type=\"wp-page\" data-elementor-id=\"58342\" class=\"elementor elementor-58342 elementor-54635\">\n\t\t\t\t\t\t<section class=\"elementor-section elementor-top-section elementor-element elementor-element-bce4506 elementor-section-full_width elementor-hidden-mobile elementor-section-height-default elementor-section-height-default\" data-id=\"bce4506\" data-element_type=\"section\" data-e-type=\"section\" data-settings=\"{&quot;background_background&quot;:&quot;classic&quot;}\">\n\t\t\t\t\t\t<div class=\"elementor-container elementor-column-gap-default\">\n\t\t\t\t\t<div class=\"elementor-column elementor-col-100 elementor-top-column elementor-element elementor-element-7c62023\" data-id=\"7c62023\" data-element_type=\"column\" data-e-type=\"column\">\n\t\t\t<div class=\"elementor-widget-wrap elementor-element-populated\">\n\t\t\t\t\t\t<div class=\"elementor-element elementor-element-9e6f614 elementor-widget elementor-widget-slider_revolution\" data-id=\"9e6f614\" data-element_type=\"widget\" data-e-type=\"widget\" data-widget_type=\"slider_revolution.default\">\n\t\t\t\t<div class=\"elementor-widget-container\">\n\t\t\t\t\t\n\t\t<div class=\"wp-block-themepunch-revslider\">\n\t\t\t\t<p class=\"rs-p-wp-fix\"><\/p>\n\t\t\t\t<sr7-module data-alias=\"slider-9-1\" data-id=\"11\" id=\"SR7_11_1\" class=\"rs-ov-hidden\" data-version=\"6.7.20\">\n\t\t\t\t\t<sr7-adjuster><\/sr7-adjuster>\n\t\t\t\t\t<sr7-content>\n\t\t\t\t\t\t<sr7-slide id=\"SR7_11_1-39\" data-key=\"39\">\n\t\t\t\t\t\t\t<sr7-bg id=\"SR7_11_1-39-4\" class=\"sr7-layer\"><noscript><img decoding=\"async\" src=\"https:\/\/musabelliu.com\/wp-content\/uploads\/2025\/10\/web-background.gif\" alt=\"\" title=\"web-background\"><\/noscript><\/sr7-bg>\n\t\t\t\t\t\t\t<a id=\"SR7_11_1-39-1\" class=\"sr7-layer\" href=\"\/sq\/product-category\/women\/ready-to-wear\" target=\"_self\">P\u00cbR FEMRA<\/a>\n\t\t\t\t\t\t\t<a id=\"SR7_11_1-39-3\" class=\"sr7-layer\" href=\"\/sq\/product-category\/men\/\" target=\"_self\">P\u00cbR MESHKUJ<\/a>\n\t\t\t\t\t\t<\/sr7-slide>\n\t\t\t\t\t\t<sr7-slide id=\"SR7_11_1-40\" data-key=\"40\">\n\t\t\t\t\t\t<\/sr7-slide>\n\t\t\t\t\t<\/sr7-content>\n\t\t\t\t\t<image_lists style=\"display:none\">\n\t\t\t\t\t\t<img data-src=\"\/\/musabelliu.com\/wp-content\/uploads\/2025\/10\/collection-name.png\" data-libid=\"57256\" data-lib=\"medialibrary\" title=\"collection name\" width=\"0\" height=\"0\" data-dbsrc=\"Ly9tdXNhYmVsbGl1LmNvbS93cC1jb250ZW50L3VwbG9hZHMvMjAyNS8xMC9jb2xsZWN0aW9uLW5hbWUucG5n\"\/>\n\t\t\t\t\t\t<img data-src=\"\/\/musabelliu.com\/wp-content\/uploads\/2025\/10\/web-background.gif\" data-libid=\"57255\" data-lib=\"medialibrary\" title=\"web-background\" width=\"0\" height=\"0\" data-dbsrc=\"Ly9tdXNhYmVsbGl1LmNvbS93cC1jb250ZW50L3VwbG9hZHMvMjAyNS8xMC93ZWItYmFja2dyb3VuZC5naWY=\"\/>\n\t\t\t\t\t<\/image_lists>\n\t\t\t\t<\/sr7-module>\n\t\t\t\t<script>\n\t\t\t\t\tSR7.PMH ??={}; SR7.PMH[\"SR7_11_1\"] = {cn:0,state:false,fn: function() { if (_tpt!==undefined && _tpt.prepareModuleHeight !== undefined) {  _tpt.prepareModuleHeight({id:\"SR7_11_1\",el:[1080,1080,768,960,720],type:'standard',shdw:'0',gh:[1080,1080,576,438,270],gw:[1920,1920,1024,778,480],vpt:['100px'],size:{fullWidth:true, fullHeight:false},mh:'0',onh:0,onw:0,bg:{color:'{\"orig\":\"transparent\",\"type\":\"solid\",\"string\":\"transparent\"}'}});   SR7.PMH[\"SR7_11_1\"].state=true;} else if((SR7.PMH[\"SR7_11_1\"].cn++)<100)\tsetTimeout( SR7.PMH[\"SR7_11_1\"].fn,19);}};SR7.PMH[\"SR7_11_1\" ].fn();\n\t\t\t\t<\/script>\n<\/div>\n\n\t\t\t\t\t\t<\/div>\n\t\t\t\t<\/div>\n\t\t\t\t\t<\/div>\n\t\t<\/div>\n\t\t\t\t\t<\/div>\n\t\t<\/section>\n\t\t<div class=\"elementor-element elementor-element-4bac62c elementor-hidden-desktop elementor-hidden-tablet_extra elementor-hidden-tablet e-flex e-con-boxed e-con e-parent\" data-id=\"4bac62c\" data-element_type=\"container\" data-e-type=\"container\" data-settings=\"{&quot;background_background&quot;:&quot;video&quot;,&quot;background_video_link&quot;:&quot;https:\\\/\\\/musabelliu.com\\\/wp-content\\\/uploads\\\/2025\\\/11\\\/Musabelliu-Video.mp4&quot;,&quot;background_play_on_mobile&quot;:&quot;yes&quot;}\">\n\t\t\t\t\t<div class=\"e-con-inner\">\n\t\t<div class=\"elementor-background-video-container\">\n\t\t\t\t\t\t\t<video class=\"elementor-background-video-hosted\" role=\"presentation\" autoplay muted playsinline loop><\/video>\n\t\t\t\t\t<\/div>\t\t<div class=\"elementor-element elementor-element-a1f7a03 elementor-widget elementor-widget-button\" data-id=\"a1f7a03\" data-element_type=\"widget\" data-e-type=\"widget\" data-widget_type=\"button.default\">\n\t\t\t\t<div class=\"elementor-widget-container\">\n\t\t\t\t\t\t\t\t\t<div class=\"elementor-button-wrapper\">\n\t\t\t\t\t<a class=\"elementor-button elementor-button-link elementor-size-sm\" href=\"https:\/\/musabelliu.com\/sq\/product-category\/ready-to-wear\/\">\n\t\t\t\t\t\t<span class=\"elementor-button-content-wrapper\">\n\t\t\t\t\t\t\t\t\t<span class=\"elementor-button-text\">P\u00cbR FEMRA<\/span>\n\t\t\t\t\t<\/span>\n\t\t\t\t\t<\/a>\n\t\t\t\t<\/div>\n\t\t\t\t\t\t\t\t<\/div>\n\t\t\t\t<\/div>\n\t\t\t\t<div class=\"elementor-element elementor-element-66dba78 elementor-widget elementor-widget-button\" data-id=\"66dba78\" data-element_type=\"widget\" data-e-type=\"widget\" data-widget_type=\"button.default\">\n\t\t\t\t<div class=\"elementor-widget-container\">\n\t\t\t\t\t\t\t\t\t<div class=\"elementor-button-wrapper\">\n\t\t\t\t\t<a class=\"elementor-button elementor-button-link elementor-size-sm\" href=\"https:\/\/musabelliu.com\/sq\/product-category\/ready-to-wear-2\/\">\n\t\t\t\t\t\t<span class=\"elementor-button-content-wrapper\">\n\t\t\t\t\t\t\t\t\t<span class=\"elementor-button-text\">P\u00cbR MESHKUJ<\/span>\n\t\t\t\t\t<\/span>\n\t\t\t\t\t<\/a>\n\t\t\t\t<\/div>\n\t\t\t\t\t\t\t\t<\/div>\n\t\t\t\t<\/div>\n\t\t\t\t\t<\/div>\n\t\t\t\t<\/div>\n\t\t<div class=\"elementor-element elementor-element-7ec73bf e-con-full elementor-hidden-desktop elementor-hidden-tablet_extra elementor-hidden-tablet elementor-hidden-mobile e-flex e-con e-parent\" data-id=\"7ec73bf\" data-element_type=\"container\" data-e-type=\"container\">\n\t\t<div class=\"elementor-element elementor-element-d36a6ea e-con-full e-flex e-con e-child\" data-id=\"d36a6ea\" data-element_type=\"container\" data-e-type=\"container\">\n\t\t\t\t<div class=\"elementor-element elementor-element-038fc9e elementor-widget elementor-widget-heading\" data-id=\"038fc9e\" data-element_type=\"widget\" data-e-type=\"widget\" data-widget_type=\"heading.default\">\n\t\t\t\t<div class=\"elementor-widget-container\">\n\t\t\t\t\t<h2 class=\"elementor-heading-title elementor-size-default\"><a href=\"https:\/\/musabelliu.com\/product-category\/our-fall-selection\/\">ZGJEDHJET TONA P\u00cbR VJESHT\u00cbN<\/a><\/h2>\t\t\t\t<\/div>\n\t\t\t\t<\/div>\n\t\t\t\t<\/div>\n\t\t<div class=\"elementor-element elementor-element-4f31f9b e-con-full e-flex e-con e-child\" data-id=\"4f31f9b\" data-element_type=\"container\" data-e-type=\"container\">\n\t\t\t\t<div class=\"elementor-element elementor-element-c0f1c99 elementor-widget elementor-widget-heading\" data-id=\"c0f1c99\" data-element_type=\"widget\" data-e-type=\"widget\" data-widget_type=\"heading.default\">\n\t\t\t\t<div class=\"elementor-widget-container\">\n\t\t\t\t\t<h2 class=\"elementor-heading-title elementor-size-default\"><a href=\"https:\/\/musabelliu.com\/sq\/product-category\/aksesore\/\">AKSESOR\u00cb<\/a><\/h2>\t\t\t\t<\/div>\n\t\t\t\t<\/div>\n\t\t\t\t<\/div>\n\t\t\t\t<\/div>\n\t\t<div class=\"elementor-element elementor-element-5b5d742 e-con-full e-flex e-con e-parent\" data-id=\"5b5d742\" data-element_type=\"container\" data-e-type=\"container\">\n\t\t<div class=\"elementor-element elementor-element-0c9cbc8 e-con-full e-flex e-con e-child\" data-id=\"0c9cbc8\" data-element_type=\"container\" data-e-type=\"container\">\n\t\t\t\t<div class=\"elementor-element elementor-element-cdd1321 elementor-widget elementor-widget-heading\" data-id=\"cdd1321\" data-element_type=\"widget\" data-e-type=\"widget\" data-widget_type=\"heading.default\">\n\t\t\t\t<div class=\"elementor-widget-container\">\n\t\t\t\t\t<h2 class=\"elementor-heading-title elementor-size-default\"><a href=\"https:\/\/musabelliu.com\/sq\/product-category\/aksesore\/\">AKSESOR\u00cb<\/a><\/h2>\t\t\t\t<\/div>\n\t\t\t\t<\/div>\n\t\t\t\t<\/div>\n\t\t<div class=\"elementor-element elementor-element-f38551c e-con-full e-flex e-con e-child\" data-id=\"f38551c\" data-element_type=\"container\" data-e-type=\"container\">\n\t\t\t\t<div class=\"elementor-element elementor-element-f59759a elementor-widget elementor-widget-heading\" data-id=\"f59759a\" data-element_type=\"widget\" data-e-type=\"widget\" data-widget_type=\"heading.default\">\n\t\t\t\t<div class=\"elementor-widget-container\">\n\t\t\t\t\t<h2 class=\"elementor-heading-title elementor-size-default\"><a href=\"https:\/\/musabelliu.com\/my-personalized-order\/\">POROSIA IME E PERSONALIZUAR<\/a><\/h2>\t\t\t\t<\/div>\n\t\t\t\t<\/div>\n\t\t\t\t<\/div>\n\t\t\t\t<\/div>\n\t\t<div class=\"elementor-element elementor-element-7c63f7c e-con-full e-flex e-con e-parent\" data-id=\"7c63f7c\" data-element_type=\"container\" data-e-type=\"container\">\n\t\t\t\t<div class=\"elementor-element elementor-element-84a469e elementor-widget__width-inherit elementor-widget elementor-widget-bwp_instagram\" data-id=\"84a469e\" data-element_type=\"widget\" data-e-type=\"widget\" data-widget_type=\"bwp_instagram.default\">\n\t\t\t\t<div class=\"elementor-widget-container\">\n\t\t\t\t\t<div class=\"bwp-instagram clipped-content-show slider-2\">\r\n <div class=\"block\">\r\n \t\t\t\t<div class=\"content\">\r\n\t\t\t<div class=\"button-instagram\">\r\n\t\t\t\t<a class=\"instagram\" href=\"https:\/\/www.instagram.com\/musabelliu__\/\">\r\n\t\t\t\t\t<span class=\"instagram-text\">musabelliu__<\/span>\r\n\t\t\t\t<\/a>\r\n\t\t\t<\/div>\r\n\t\t<\/div>\r\n\t\t<div class=\"block_content\">\r\n\t\t<div class=\"instagram\">\r\n\t\t\t<div class=\"slick-carousel\" data-autoplay=\"false\" data-dots=\"false\" data-item_row=\"1\" data-nav=\"false\" data-columns4=\"1\" data-columns3=\"2\" data-columns2=\"2\" data-columns1=\"6\" data-columns=\"6\">\r\n\t\t\t\t\t\t\t\t\t\t\t\t\t\t\t\t\t\t\t\t<div class=\"image-instagram\">\r\n\t\t\t\t\t\t\t<img decoding=\"async\" class=\"fade-in lazyload\" src=\"https:\/\/musabelliu.com\/wp-content\/uploads\/2025\/12\/Instagram-3-e1765461545975.jpg\" alt=\"Image Slider\">\r\n\t\t\t\t\t\t<\/div>\r\n\t\t\t\t\t\t\t\t\t\t\t\t\t\t\t\t\t\t\t\t\t\t\t\t\t\t\t\t\t\t<div class=\"image-instagram\">\r\n\t\t\t\t\t\t\t<img decoding=\"async\" class=\"fade-in lazyload\" src=\"https:\/\/musabelliu.com\/wp-content\/uploads\/2025\/12\/Instagram-1.jpg\" alt=\"Image Slider\">\r\n\t\t\t\t\t\t<\/div>\r\n\t\t\t\t\t\t\t\t\t\t\t\t\t\t\t\t\t\t\t\t\t\t\t\t\t\t\t\t\t\t<div class=\"image-instagram\">\r\n\t\t\t\t\t\t\t<img decoding=\"async\" class=\"fade-in lazyload\" src=\"https:\/\/musabelliu.com\/wp-content\/uploads\/2025\/12\/Instagram-5.o.jpg\" alt=\"Image Slider\">\r\n\t\t\t\t\t\t<\/div>\r\n\t\t\t\t\t\t\t\t\t\t\t\t\t\t\t\t\t\t\t\t\t\t\t\t\t\t\t\t\t\t<div class=\"image-instagram\">\r\n\t\t\t\t\t\t\t<img decoding=\"async\" class=\"fade-in lazyload\" src=\"https:\/\/musabelliu.com\/wp-content\/uploads\/2025\/12\/Instagram-6.jpg\" alt=\"Image Slider\">\r\n\t\t\t\t\t\t<\/div>\r\n\t\t\t\t\t\t\t\t\t\t\t\t\t\t\t\t\t\t\t\t\t\t\t\t\t\t\t\t\t\t<div class=\"image-instagram\">\r\n\t\t\t\t\t\t\t<img decoding=\"async\" class=\"fade-in lazyload\" src=\"https:\/\/musabelliu.com\/wp-content\/uploads\/2025\/12\/Instagram-4.jpg\" alt=\"Image Slider\">\r\n\t\t\t\t\t\t<\/div>\r\n\t\t\t\t\t\t\t\t\t\t\t\t\t\t\t\t\t\t\t\t\t\t\t\t\t\t\t\t\t\t<div class=\"image-instagram\">\r\n\t\t\t\t\t\t\t<img decoding=\"async\" class=\"fade-in lazyload\" src=\"https:\/\/musabelliu.com\/wp-content\/uploads\/2025\/12\/Instagram-2.o.jpg\" alt=\"Image Slider\">\r\n\t\t\t\t\t\t<\/div>\r\n\t\t\t\t\t\t\t\t\t\t\t\t\t\t\t\t\t<\/div>\r\n\t\t<\/div>\r\n\t<\/div>\r\n <\/div>\r\n<\/div>\t\t\t\t<\/div>\n\t\t\t\t<\/div>\n\t\t\t\t<\/div>\n\t\t\t\t<\/div>\n\t\t","protected":false},"excerpt":{"rendered":"<p>P\u00cbR FEMRA P\u00cbR MESHKUJ ZGJEDHJET TONA P\u00cbR VJESHT\u00cbN AKSESOR\u00cb AKSESOR\u00cb POROSIA IME E PERSONALIZUAR musabelliu__<\/p>\n","protected":false},"author":1,"featured_media":0,"parent":0,"menu_order":0,"comment_status":"closed","ping_status":"closed","template":"page-templates\/homepage.php","meta":{"footnotes":""},"class_list":["post-58342","page","type-page","status-publish","hentry"],"_links":{"self":[{"href":"https:\/\/musabelliu.com\/sq\/wp-json\/wp\/v2\/pages\/58342","targetHints":{"allow":["GET"]}}],"collection":[{"href":"https:\/\/musabelliu.com\/sq\/wp-json\/wp\/v2\/pages"}],"about":[{"href":"https:\/\/musabelliu.com\/sq\/wp-json\/wp\/v2\/types\/page"}],"author":[{"embeddable":true,"href":"https:\/\/musabelliu.com\/sq\/wp-json\/wp\/v2\/users\/1"}],"replies":[{"embeddable":true,"href":"https:\/\/musabelliu.com\/sq\/wp-json\/wp\/v2\/comments?post=58342"}],"version-history":[{"count":5,"href":"https:\/\/musabelliu.com\/sq\/wp-json\/wp\/v2\/pages\/58342\/revisions"}],"predecessor-version":[{"id":59485,"href":"https:\/\/musabelliu.com\/sq\/wp-json\/wp\/v2\/pages\/58342\/revisions\/59485"}],"wp:attachment":[{"href":"https:\/\/musabelliu.com\/sq\/wp-json\/wp\/v2\/media?parent=58342"}],"curies":[{"name":"wp","href":"https:\/\/api.w.org\/{rel}","templated":true}]}}