{"id":58315,"date":"2020-01-13T06:50:18","date_gmt":"2020-01-13T06:50:18","guid":{"rendered":"https:\/\/musabelliu.com\/rreth-nesh\/"},"modified":"2026-02-28T18:36:36","modified_gmt":"2026-02-28T18:36:36","slug":"rreth-nesh","status":"publish","type":"page","link":"https:\/\/musabelliu.com\/sq\/rreth-nesh\/","title":{"rendered":"Rreth nesh"},"content":{"rendered":"\t\t<div data-elementor-type=\"wp-page\" data-elementor-id=\"58315\" class=\"elementor elementor-58315 elementor-9095\">\n\t\t\t\t<div class=\"elementor-element elementor-element-22210c5 e-flex e-con-boxed e-con e-parent\" data-id=\"22210c5\" data-element_type=\"container\" data-e-type=\"container\">\n\t\t\t\t\t<div class=\"e-con-inner\">\n\t\t\t\t<div class=\"elementor-element elementor-element-bfabc93 elementor-widget elementor-widget-text-editor\" data-id=\"bfabc93\" data-element_type=\"widget\" data-e-type=\"widget\" data-widget_type=\"text-editor.default\">\n\t\t\t\t<div class=\"elementor-widget-container\">\n\t\t\t\t\t\t\t\t\t<p class=\"MuiTypography-root MuiTypography-body1 MuiTypography-root css-azmqbp5a\">Mir\u00eb se vini n\u00eb <strong>MUSABELLIU<\/strong>!<\/p><p class=\"MuiTypography-root MuiTypography-body1 MuiTypography-root css-azmqbp5a\">Nj\u00eb mark\u00eb e lindur nga nj\u00eb vizion i p\u00ebrbashk\u00ebt brenda familjes son\u00eb, e udh\u00ebhequr nga pasioni yn\u00eb p\u00ebr dizajnin e p\u00ebrjetsh\u00ebm, mjesht\u00ebrin\u00eb dhe d\u00ebshir\u00ebn e thell\u00eb p\u00ebr t\u00eb l\u00ebn\u00eb nj\u00eb trash\u00ebgimi t\u00eb q\u00ebndrueshme. Ajo q\u00eb nisi si nj\u00eb \u00ebnd\u00ebrr mes an\u00ebtar\u00ebve t\u00eb familjes \u00ebsht\u00eb shnd\u00ebrruar n\u00eb nj\u00eb angazhim p\u00ebr t\u00eb krijuar vepra q\u00eb tejkalojn\u00eb trendet dhe i rezistojn\u00eb koh\u00ebs. <\/p><p class=\"MuiTypography-root MuiTypography-body1 MuiTypography-root css-azmqbp5a\"><strong>MUSABELLIU<\/strong> \u00ebsht\u00eb m\u00eb shum\u00eb se nj\u00eb mark\u00eb. Ne jemi tregimtar\u00eb, duke g\u00ebrshetuar rrug\u00ebtimin ton\u00eb personal n\u00eb \u00e7do krijim, nd\u00ebrkoh\u00eb q\u00eb sigurojm\u00eb vazhdim\u00ebsin\u00eb e teknikave tradicionale. N\u00eb b\u00ebrtham\u00ebn e mark\u00ebs son\u00eb q\u00ebndron besimi se moda \u00ebsht\u00eb nj\u00eb shprehje e identitetit \u2014 nj\u00eb form\u00eb arti q\u00eb mbart kuptim, trash\u00ebgimi dhe emocion. Dizajnet tona jan\u00eb thell\u00ebsisht t\u00eb rr\u00ebnjosura n\u00eb vlerat e familjes, tradit\u00ebs dhe mjesht\u00ebris\u00eb, me fokus te cil\u00ebsia dhe q\u00ebndrueshm\u00ebria.   <\/p><p class=\"MuiTypography-root MuiTypography-body1 MuiTypography-root css-azmqbp5a\">N\u00eb <strong>MUSABELLIU<\/strong>, ne jemi t\u00eb p\u00ebrkushtuar ndaj profesionalizmit, duke u siguruar q\u00eb \u00e7do koleksion t\u00eb rrezatoj\u00eb eleganc\u00eb, nd\u00ebrkoh\u00eb q\u00eb krijojm\u00eb nj\u00eb t\u00eb ardhme ku moda \u00ebsht\u00eb e bukur dhe e q\u00ebndrueshme.<\/p><p><img decoding=\"async\" class=\"aligncenter wp-image-55053 size-thumbnail\" role=\"img\" src=\"https:\/\/musabelliu.com\/wp-content\/uploads\/2025\/01\/logo-musabelliu.svg\" alt=\"\" width=\"150\" height=\"150\"><\/p>\t\t\t\t\t\t\t\t<\/div>\n\t\t\t\t<\/div>\n\t\t\t\t\t<\/div>\n\t\t\t\t<\/div>\n\t\t\t\t<\/div>\n\t\t","protected":false},"excerpt":{"rendered":"<p>Mir\u00eb se vini n\u00eb MUSABELLIU! Nj\u00eb mark\u00eb e lindur nga nj\u00eb vizion i p\u00ebrbashk\u00ebt brenda familjes son\u00eb, e udh\u00ebhequr nga pasioni yn\u00eb p\u00ebr dizajnin e p\u00ebrjetsh\u00ebm, mjesht\u00ebrin\u00eb dhe d\u00ebshir\u00ebn e thell\u00eb p\u00ebr t\u00eb l\u00ebn\u00eb nj\u00eb trash\u00ebgimi t\u00eb q\u00ebndrueshme. Ajo q\u00eb nisi si nj\u00eb \u00ebnd\u00ebrr mes an\u00ebtar\u00ebve t\u00eb familjes \u00ebsht\u00eb shnd\u00ebrruar n\u00eb nj\u00eb angazhim p\u00ebr t\u00eb [&hellip;]<\/p>\n","protected":false},"author":1,"featured_media":0,"parent":0,"menu_order":0,"comment_status":"closed","ping_status":"closed","template":"","meta":{"footnotes":""},"class_list":["post-58315","page","type-page","status-publish","hentry"],"_links":{"self":[{"href":"https:\/\/musabelliu.com\/sq\/wp-json\/wp\/v2\/pages\/58315","targetHints":{"allow":["GET"]}}],"collection":[{"href":"https:\/\/musabelliu.com\/sq\/wp-json\/wp\/v2\/pages"}],"about":[{"href":"https:\/\/musabelliu.com\/sq\/wp-json\/wp\/v2\/types\/page"}],"author":[{"embeddable":true,"href":"https:\/\/musabelliu.com\/sq\/wp-json\/wp\/v2\/users\/1"}],"replies":[{"embeddable":true,"href":"https:\/\/musabelliu.com\/sq\/wp-json\/wp\/v2\/comments?post=58315"}],"version-history":[{"count":2,"href":"https:\/\/musabelliu.com\/sq\/wp-json\/wp\/v2\/pages\/58315\/revisions"}],"predecessor-version":[{"id":58318,"href":"https:\/\/musabelliu.com\/sq\/wp-json\/wp\/v2\/pages\/58315\/revisions\/58318"}],"wp:attachment":[{"href":"https:\/\/musabelliu.com\/sq\/wp-json\/wp\/v2\/media?parent=58315"}],"curies":[{"name":"wp","href":"https:\/\/api.w.org\/{rel}","templated":true}]}}