{"id":58309,"date":"2024-11-01T23:49:20","date_gmt":"2024-11-01T23:49:20","guid":{"rendered":"https:\/\/musabelliu.com\/politika-e-privatesise\/"},"modified":"2026-02-28T18:36:16","modified_gmt":"2026-02-28T18:36:16","slug":"politika-e-privatesise","status":"publish","type":"page","link":"https:\/\/musabelliu.com\/sq\/politika-e-privatesise\/","title":{"rendered":"Politika e Privat\u00ebsis\u00eb"},"content":{"rendered":"\t\t<div data-elementor-type=\"wp-page\" data-elementor-id=\"58309\" class=\"elementor elementor-58309 elementor-3\">\n\t\t\t\t<div class=\"elementor-element elementor-element-2908d414 e-flex e-con-boxed e-con e-parent\" data-id=\"2908d414\" data-element_type=\"container\" data-e-type=\"container\">\n\t\t\t\t\t<div class=\"e-con-inner\">\n\t\t\t\t<div class=\"elementor-element elementor-element-2bdcc9b5 elementor-widget elementor-widget-text-editor\" data-id=\"2bdcc9b5\" data-element_type=\"widget\" data-e-type=\"widget\" data-widget_type=\"text-editor.default\">\n\t\t\t\t<div class=\"elementor-widget-container\">\n\t\t\t\t\t\t\t\t\t<p class=\"MuiTypography-root MuiTypography-body1 MuiTypography-root css-azmqbp5a\">MUSABELLIU mbledh dhe p\u00ebrpunon t\u00eb dh\u00ebna personale q\u00eb Klienti\/P\u00ebrdoruesi ofron drejtp\u00ebrdrejt dhe vullnetarisht p\u00ebrmes k\u00ebsaj faqeje interneti, me an\u00eb t\u00eb telefonit, email-it ose mesazheve.<\/p>\n<p class=\"MuiTypography-root MuiTypography-body1 MuiTypography-root css-azmqbp5a\">Kjo faqe interneti nuk ruan detaje financiare dhe nuk ua kalon k\u00ebto detaje pal\u00ebve t\u00eb treta. Asnj\u00eb informacion personal i Klientit\/P\u00ebrdoruesit nuk do t\u00eb shitet, ndahet ose tregtohet. <\/p>\n<p class=\"MuiTypography-root MuiTypography-body1 MuiTypography-root css-azmqbp5a\">Asnj\u00eb detaj i adres\u00ebs, email-it ose faqeve t\u00eb vizituara nga Klienti\/P\u00ebrdoruesi nuk do t\u00eb mblidhet nga Firma. Ky informacion do t\u00eb p\u00ebrdoret vet\u00ebm p\u00ebr t\u00eb monitoruar p\u00ebrdorimin e faqes s\u00eb internetit dhe p\u00ebr t\u00eb p\u00ebrmir\u00ebsuar performanc\u00ebn dhe dobishm\u00ebrin\u00eb e saj. <\/p>\n<p class=\"MuiTypography-root MuiTypography-body1 MuiTypography-root css-azmqbp5a\">Firma pranon se do t\u00eb mbledh\u00eb informacione t\u00eb ofruara vullnetarisht nga Klienti\/P\u00ebrdoruesi, si: dhurata, akses i hersh\u00ebm n\u00eb publikimet tona, p\u00ebrgjigje t\u00eb anketave, komente, informacione mbi blerjet dhe k\u00ebrkesa p\u00ebr faturim.<\/p>\n<p class=\"MuiTypography-root MuiTypography-body1 MuiTypography-root css-azmqbp5a\">Duke p\u00ebrdorur faqen e internetit, Klienti\/P\u00ebrdoruesi bie dakord me mbledhjen dhe p\u00ebrdorimin e k\u00ebtij informacioni. N\u00eb rast ndryshimesh n\u00eb k\u00ebto politika, ato do t\u00eb publikohen menj\u00ebher\u00eb p\u00ebr t\u00eb siguruar transparenc\u00eb lidhur me informacionin e mbledhur nga Firma, p\u00ebrdorimin e tij dhe rrethanat n\u00eb t\u00eb cilat ai mblidhet. <\/p>\t\t\t\t\t\t\t\t<\/div>\n\t\t\t\t<\/div>\n\t\t\t\t\t<\/div>\n\t\t\t\t<\/div>\n\t\t\t\t<\/div>\n\t\t","protected":false},"excerpt":{"rendered":"<p>MUSABELLIU mbledh dhe p\u00ebrpunon t\u00eb dh\u00ebna personale q\u00eb Klienti\/P\u00ebrdoruesi ofron drejtp\u00ebrdrejt dhe vullnetarisht p\u00ebrmes k\u00ebsaj faqeje interneti, me an\u00eb t\u00eb telefonit, email-it ose mesazheve. Kjo faqe interneti nuk ruan detaje financiare dhe nuk ua kalon k\u00ebto detaje pal\u00ebve t\u00eb treta. Asnj\u00eb informacion personal i Klientit\/P\u00ebrdoruesit nuk do t\u00eb shitet, ndahet ose tregtohet. Asnj\u00eb detaj i [&hellip;]<\/p>\n","protected":false},"author":1,"featured_media":0,"parent":0,"menu_order":0,"comment_status":"closed","ping_status":"closed","template":"","meta":{"footnotes":""},"class_list":["post-58309","page","type-page","status-publish","hentry"],"_links":{"self":[{"href":"https:\/\/musabelliu.com\/sq\/wp-json\/wp\/v2\/pages\/58309","targetHints":{"allow":["GET"]}}],"collection":[{"href":"https:\/\/musabelliu.com\/sq\/wp-json\/wp\/v2\/pages"}],"about":[{"href":"https:\/\/musabelliu.com\/sq\/wp-json\/wp\/v2\/types\/page"}],"author":[{"embeddable":true,"href":"https:\/\/musabelliu.com\/sq\/wp-json\/wp\/v2\/users\/1"}],"replies":[{"embeddable":true,"href":"https:\/\/musabelliu.com\/sq\/wp-json\/wp\/v2\/comments?post=58309"}],"version-history":[{"count":2,"href":"https:\/\/musabelliu.com\/sq\/wp-json\/wp\/v2\/pages\/58309\/revisions"}],"predecessor-version":[{"id":58311,"href":"https:\/\/musabelliu.com\/sq\/wp-json\/wp\/v2\/pages\/58309\/revisions\/58311"}],"wp:attachment":[{"href":"https:\/\/musabelliu.com\/sq\/wp-json\/wp\/v2\/media?parent=58309"}],"curies":[{"name":"wp","href":"https:\/\/api.w.org\/{rel}","templated":true}]}}