{"id":58171,"date":"2025-08-19T14:31:32","date_gmt":"2025-08-19T14:31:32","guid":{"rendered":"https:\/\/musabelliu.com\/politika-e-kukive\/"},"modified":"2026-03-02T17:14:02","modified_gmt":"2026-03-02T17:14:02","slug":"politika-e-cookies","status":"publish","type":"page","link":"https:\/\/musabelliu.com\/sq\/politika-e-cookies\/","title":{"rendered":"Politika e Cookies"},"content":{"rendered":"<p>Kjo faqe ofron informacion gjith\u00ebp\u00ebrfshir\u00ebs mbi m\u00ebnyr\u00ebn se si ne i p\u00ebrdorim kukit n\u00eb faqen ton\u00eb t\u00eb internetit p\u00ebr t\u00eb p\u00ebrmir\u00ebsuar p\u00ebrvoj\u00ebn tuaj t\u00eb lundrimit, p\u00ebr t\u00eb rritur performanc\u00ebn e faqes dhe p\u00ebr t\u00eb ofruar p\u00ebrmbajtje t\u00eb personalizuar. Kukit jan\u00eb skedar\u00eb t\u00eb vegj\u00ebl teksti q\u00eb ruhen n\u00eb pajisjen tuaj kur vizitoni faqen ton\u00eb. Ato na ndihmojn\u00eb t\u00eb kuptojm\u00eb se si vizitor\u00ebt nd\u00ebrveprojn\u00eb me faqen ton\u00eb t\u00eb internetit, duke na lejuar t\u00eb ofrojm\u00eb nj\u00eb p\u00ebrvoj\u00eb p\u00ebrdoruesi m\u00eb t\u00eb rrjedhshme dhe m\u00eb efikase. N\u00eb tabel\u00ebn e m\u00ebposhtme, do t\u00eb gjeni informacion t\u00eb detajuar p\u00ebr \u00e7do lloj kuki q\u00eb p\u00ebrdorim, q\u00ebllimin e tyre dhe koh\u00ebzgjatjen e q\u00ebndrimit n\u00eb pajisjen tuaj. Ne jemi t\u00eb p\u00ebrkushtuar t\u00eb respektojm\u00eb privat\u00ebsin\u00eb tuaj dhe t\u00eb ofrojm\u00eb transparenc\u00eb rreth t\u00eb dh\u00ebnave q\u00eb mbledhim p\u00ebrmes kukive. P\u00ebr m\u00eb shum\u00eb informacion mbi m\u00ebnyr\u00ebn se si i trajtojm\u00eb t\u00eb dh\u00ebnat tuaja personale, ju lutemi shihni <a href=\"https:\/\/musabelliu.com\/privacy-policy\/\">Politik\u00ebn ton\u00eb t\u00eb Privat\u00ebsis\u00eb.<\/a>     <\/p><div class=\"wpconsent-cookie-policy\"><h2 class=\"wpconsent-cookie-category-name\">Thelb\u00ebsore<\/h2><p class=\"wpconsent-cookie-category-description\">Cookie-t thelb\u00ebsore jan\u00eb absolutisht t\u00eb nevojshme q\u00eb faqja e internetit t\u00eb funksionoj\u00eb si\u00e7 duhet. K\u00ebto cookie sigurojn\u00eb funksionalitetet baz\u00eb dhe ve\u00e7orit\u00eb e siguris\u00eb s\u00eb faqes s\u00eb internetit, n\u00eb m\u00ebnyr\u00eb anonime.<\/p><table class=\"wpconsent-cookie-policy-table\"><tr><th>Emri<\/th><th>P\u00ebrshkrimi<\/th><th>Koh\u00ebzgjatja<\/th><\/tr><tr><td>wpconsent_preferences<\/td><td>This cookie is used to store the user&#039;s cookie consent preferences.<\/td><td>30 days<\/td><\/tr><tr><td><\/td><td>Ky kuki p\u00ebrdoret p\u00ebr t\u00eb ruajtur preferencat e p\u00eblqimit t\u00eb p\u00ebrdoruesit p\u00ebr kukit.<\/td><td><\/td><\/tr><\/table><h3 class=\"wpconsent-cookie-service-name\">Google Tag Manager<\/h3><p class=\"wpconsent-cookie-service-description\">Google Tag Manager simplifies the management of marketing tags on your website without code changes.<\/p><table class=\"wpconsent-cookie-policy-table\"><tr><th>Emri<\/th><th>P\u00ebrshkrimi<\/th><th>Koh\u00ebzgjatja<\/th><\/tr><tr><td>cookiePreferences<\/td><td>Registers cookie preferences of a user<\/td><td>2 years<\/td><\/tr><tr><td>td<\/td><td>Registers statistical data on users&#039; behaviour on the website. Used for internal analytics by the website operator.<\/td><td>session<\/td><\/tr><tr><td><\/td><td>Regjistron t\u00eb dh\u00ebna statistikore mbi sjelljen e p\u00ebrdoruesve n\u00eb faqen e internetit. P\u00ebrdoret p\u00ebr analiza t\u00eb brendshme nga operatori i faqes. <\/td><td><\/td><\/tr><tr><td><\/td><td>Regjistron preferencat e kukive t\u00eb nj\u00eb p\u00ebrdoruesi<\/td><td><\/td><\/tr><\/table><h3 class=\"wpconsent-cookie-service-name\">Login<\/h3><p class=\"wpconsent-cookie-service-description\">These cookies are used for managing login functionality on this website.<\/p><table class=\"wpconsent-cookie-policy-table\"><tr><th>Emri<\/th><th>P\u00ebrshkrimi<\/th><th>Koh\u00ebzgjatja<\/th><\/tr><tr><td>wordpress_logged_in<\/td><td>Used to store logged-in users.<\/td><td>Persistent<\/td><\/tr><tr><td>wordpress_sec<\/td><td>Used to track the user across multiple sessions.<\/td><td>15 days<\/td><\/tr><tr><td>wordpress_test_cookie<\/td><td>Used to determine if cookies are enabled.<\/td><td>Session<\/td><\/tr><tr><td><\/td><td>P\u00ebrdoret p\u00ebr t\u00eb ruajtur p\u00ebrdoruesit e ky\u00e7ur.<\/td><td><\/td><\/tr><tr><td><\/td><td>P\u00ebrdoret p\u00ebr t\u00eb p\u00ebrcaktuar n\u00ebse skedar\u00ebt \u201ecookie\u201c jan\u00eb t\u00eb aktivizuar.<\/td><td><\/td><\/tr><tr><td><\/td><td>P\u00ebrdoret p\u00ebr t\u00eb gjurmuar p\u00ebrdoruesin n\u00ebp\u00ebr disa sesione.<\/td><td><\/td><\/tr><\/table><h2 class=\"wpconsent-cookie-category-name\">Statistika<\/h2><p class=\"wpconsent-cookie-category-description\">Cookie-t e statistikave p\u00ebrdoren p\u00ebr t\u00eb kuptuar se si vizitor\u00ebt nd\u00ebrveprojn\u00eb me faqen e internetit. K\u00ebto cookie ndihmojn\u00eb n\u00eb dh\u00ebnien e informacionit mbi metrikat e numrit t\u00eb vizitor\u00ebve, shkall\u00ebs s\u00eb largimit, burimit t\u00eb trafikut, etj.<\/p><h3 class=\"wpconsent-cookie-service-name\">Google Analytics<\/h3><p class=\"wpconsent-cookie-service-description\">Google Analytics is a powerful tool that tracks and analyzes website traffic for informed marketing decisions.<\/p><a href=\"https:\/\/policies.google.com\/privacy\">Learn more<\/a><table class=\"wpconsent-cookie-policy-table\"><tr><th>Emri<\/th><th>P\u00ebrshkrimi<\/th><th>Koh\u00ebzgjatja<\/th><\/tr><tr><td>_gac_<\/td><td>Contains information related to marketing campaigns of the user. These are shared with Google AdWords \/ Google Ads when the Google Ads and Google Analytics accounts are linked together.<\/td><td>90 days<\/td><\/tr><tr><td>__utma<\/td><td>ID used to identify users and sessions<\/td><td>2 years after last activity<\/td><\/tr><tr><td>__utmt<\/td><td>Used to monitor number of Google Analytics server requests<\/td><td>10 minutes<\/td><\/tr><tr><td>__utmb<\/td><td>Used to distinguish new sessions and visits. This cookie is set when the GA.js javascript library is loaded and there is no existing __utmb cookie. The cookie is updated every time data is sent to the Google Analytics server.<\/td><td>30 minutes after last activity<\/td><\/tr><tr><td>__utmc<\/td><td>Used only with old Urchin versions of Google Analytics and not with GA.js. Was used to distinguish between new sessions and visits at the end of a session.<\/td><td>End of session (browser)<\/td><\/tr><tr><td>__utmz<\/td><td>Contains information about the traffic source or campaign that directed user to the website. The cookie is set when the GA.js javascript is loaded and updated when data is sent to the Google Anaytics server<\/td><td>6 months after last activity<\/td><\/tr><tr><td>__utmv<\/td><td>Contains custom information set by the web developer via the _setCustomVar method in Google Analytics. This cookie is updated every time new data is sent to the Google Analytics server.<\/td><td>2 years after last activity<\/td><\/tr><tr><td>__utmx<\/td><td>Used to determine whether a user is included in an A \/ B or Multivariate test.<\/td><td>18 months<\/td><\/tr><tr><td>_ga<\/td><td>ID used to identify users<\/td><td>2 years<\/td><\/tr><tr><td>_gali<\/td><td>Used by Google Analytics to determine which links on a page are being clicked<\/td><td>30 seconds<\/td><\/tr><tr><td>_ga_<\/td><td>ID used to identify users<\/td><td>2 years<\/td><\/tr><tr><td>_gid<\/td><td>ID used to identify users for 24 hours after last activity<\/td><td>24 hours<\/td><\/tr><tr><td>_gat<\/td><td>Used to monitor number of Google Analytics server requests when using Google Tag Manager<\/td><td>1 minute<\/td><\/tr><tr><td><\/td><td>ID-ja e p\u00ebrdorur p\u00ebr identifikimin e p\u00ebrdoruesve<\/td><td><\/td><\/tr><tr><td><\/td><td>P\u00ebrmban informacion mbi burimin e trafikut ose fushat\u00ebn q\u00eb e drejtoi p\u00ebrdoruesin n\u00eb faqen e internetit. Ky cookie vendoset kur ngarkohet skripti GA.js dhe p\u00ebrdit\u00ebsohet kur t\u00eb dh\u00ebnat d\u00ebrgohen n\u00eb serverin e Google Analytics. <\/td><td><\/td><\/tr><tr><td><\/td><td>ID i p\u00ebrdorur p\u00ebr identifikimin e p\u00ebrdoruesve p\u00ebr 24 or\u00eb pas aktivitetit t\u00eb fundit<\/td><td><\/td><\/tr><tr><td><\/td><td>P\u00ebrdoret nga Google Analytics p\u00ebr t\u00eb p\u00ebrcaktuar se cilat lidhje po klikohen n\u00eb nj\u00eb faqe<\/td><td><\/td><\/tr><tr><td><\/td><td>P\u00ebrdoret p\u00ebr t\u00eb p\u00ebrcaktuar n\u00ebse nj\u00eb p\u00ebrdorues \u00ebsht\u00eb pjes\u00eb e nj\u00eb testi A \/ B ose Multivariate.<\/td><td><\/td><\/tr><tr><td><\/td><td>P\u00ebrdorej vet\u00ebm me versionet e vjetra Urchin t\u00eb Google Analytics dhe jo me GA.js. Sh\u00ebrbente p\u00ebr t\u00eb dalluar seancat e reja nga vizitat n\u00eb fund t\u00eb nj\u00eb seance. <\/td><td><\/td><\/tr><tr><td><\/td><td>P\u00ebrdoret p\u00ebr t\u00eb dalluar sesionet dhe vizitat e reja. Ky cookie vendoset kur ngarkohet libraria javascript GA.js dhe nuk ekziston asnj\u00eb cookie __utmb. Cookie p\u00ebrdit\u00ebsohet sa her\u00eb q\u00eb d\u00ebrgohen t\u00eb dh\u00ebna n\u00eb serverin e Google Analytics.  <\/td><td><\/td><\/tr><tr><td><\/td><td>ID-ja e p\u00ebrdorur p\u00ebr identifikimin e p\u00ebrdoruesve dhe sesioneve<\/td><td><\/td><\/tr><tr><td><\/td><td>P\u00ebrdoret p\u00ebr t\u00eb monitoruar numrin e k\u00ebrkesave t\u00eb serverit t\u00eb Google Analytics gjat\u00eb p\u00ebrdorimit t\u00eb Google Tag Manager<\/td><td><\/td><\/tr><tr><td><\/td><td>ID i p\u00ebrdorur p\u00ebr identifikimin e p\u00ebrdoruesve<\/td><td><\/td><\/tr><tr><td><\/td><td>P\u00ebrmban informacion lidhur me fushatat e marketingut t\u00eb p\u00ebrdoruesit. K\u00ebto t\u00eb dh\u00ebna ndahen me Google AdWords \/ Google Ads kur llogarit\u00eb e Google Ads dhe Google Analytics jan\u00eb t\u00eb lidhura s\u00eb bashku. <\/td><td><\/td><\/tr><tr><td><\/td><td>P\u00ebrmban informacion t\u00eb personalizuar t\u00eb vendosur nga zhvilluesi i uebit p\u00ebrmes metod\u00ebs _setCustomVar n\u00eb Google Analytics. Kjo biskot\u00eb (cookie) p\u00ebrdit\u00ebsohet sa her\u00eb q\u00eb d\u00ebrgohen t\u00eb dh\u00ebna t\u00eb reja n\u00eb serverin e Google Analytics. <\/td><td><\/td><\/tr><tr><td><\/td><td>P\u00ebrdoret p\u00ebr t\u00eb monitoruar numrin e k\u00ebrkesave t\u00eb serverit t\u00eb Google Analytics<\/td><td><\/td><\/tr><\/table><h3 class=\"wpconsent-cookie-service-name\">WooCommerce Sourcebuster<\/h3><p class=\"wpconsent-cookie-service-description\">SourceBuster is used by WooCommerce for order attribution based on user source.<\/p><table class=\"wpconsent-cookie-policy-table\"><tr><th>Emri<\/th><th>P\u00ebrshkrimi<\/th><th>Koh\u00ebzgjatja<\/th><\/tr><tr><td>sbjs_session<\/td><td>The number of page views in this session and the current page path<\/td><td>30 minutes<\/td><\/tr><tr><td>sbjs_udata<\/td><td>Information about the visitor\u2019s user agent, such as IP, the browser, and the device type<\/td><td>session<\/td><\/tr><tr><td>sbjs_first<\/td><td>Traffic origin information for the visitor\u2019s first visit to your store (only applicable if the visitor returns before the session expires)<\/td><td>session<\/td><\/tr><tr><td>sbjs_current<\/td><td>Traffic origin information for the visitor\u2019s current visit to your store<\/td><td>session<\/td><\/tr><tr><td>sbjs_first_add<\/td><td>Timestamp, referring URL, and entry page for your visitor\u2019s first visit to your store (only applicable if the visitor returns before the session expires)<\/td><td>session<\/td><\/tr><tr><td>sbjs_current_add<\/td><td>Timestamp, referring URL, and entry page for your visitor\u2019s current visit to your store<\/td><td>session<\/td><\/tr><tr><td>sbjs_migrations<\/td><td>Technical data to help with migrations between different versions of the tracking feature<\/td><td>session<\/td><\/tr><tr><td><\/td><td>T\u00eb dh\u00ebna teknike p\u00ebr t\u00eb ndihmuar me migrimet midis versioneve t\u00eb ndryshme t\u00eb ve\u00e7oris\u00eb s\u00eb gjurmimit<\/td><td><\/td><\/tr><tr><td><\/td><td>Numri i shikimeve t\u00eb faqeve n\u00eb k\u00ebt\u00eb sesion dhe shtegu i faqes aktuale<\/td><td><\/td><\/tr><tr><td><\/td><td>Vula kohore, URL-ja referuese dhe faqja e hyrjes p\u00ebr vizit\u00ebn aktuale t\u00eb vizitorit n\u00eb dyqanin tuaj<\/td><td><\/td><\/tr><tr><td><\/td><td>Vula kohore, URL-ja referuese dhe faqja e hyrjes p\u00ebr vizit\u00ebn e par\u00eb t\u00eb vizitorit tuaj n\u00eb dyqan (zbatohet vet\u00ebm n\u00ebse vizitori kthehet para se t\u00eb skadoj\u00eb sesioni)<\/td><td><\/td><\/tr><tr><td><\/td><td>Informacion mbi origjin\u00ebn e trafikut p\u00ebr vizit\u00ebn aktuale t\u00eb vizitorit n\u00eb dyqanin tuaj<\/td><td><\/td><\/tr><tr><td><\/td><td>Informacion mbi origjin\u00ebn e trafikut p\u00ebr vizit\u00ebn e par\u00eb t\u00eb vizitorit n\u00eb dyqanin tuaj (vlen vet\u00ebm n\u00ebse vizitori kthehet para se sesioni t\u00eb skadoj\u00eb)<\/td><td><\/td><\/tr><tr><td><\/td><td>Informacion mbi agjentin e p\u00ebrdoruesit, si IP-ja, shfletuesi dhe lloji i pajisjes<\/td><td><\/td><\/tr><\/table><\/div>\n","protected":false},"excerpt":{"rendered":"<p>Kjo faqe ofron informacion gjith\u00ebp\u00ebrfshir\u00ebs mbi m\u00ebnyr\u00ebn se si ne i p\u00ebrdorim kukit n\u00eb faqen ton\u00eb t\u00eb internetit p\u00ebr t\u00eb p\u00ebrmir\u00ebsuar p\u00ebrvoj\u00ebn tuaj t\u00eb lundrimit, p\u00ebr t\u00eb rritur performanc\u00ebn e faqes dhe p\u00ebr t\u00eb ofruar p\u00ebrmbajtje t\u00eb personalizuar. Kukit jan\u00eb skedar\u00eb t\u00eb vegj\u00ebl teksti q\u00eb ruhen n\u00eb pajisjen tuaj kur vizitoni faqen ton\u00eb. Ato na [&hellip;]<\/p>\n","protected":false},"author":1,"featured_media":0,"parent":0,"menu_order":0,"comment_status":"closed","ping_status":"closed","template":"","meta":{"footnotes":""},"class_list":["post-58171","page","type-page","status-publish","hentry"],"_links":{"self":[{"href":"https:\/\/musabelliu.com\/sq\/wp-json\/wp\/v2\/pages\/58171","targetHints":{"allow":["GET"]}}],"collection":[{"href":"https:\/\/musabelliu.com\/sq\/wp-json\/wp\/v2\/pages"}],"about":[{"href":"https:\/\/musabelliu.com\/sq\/wp-json\/wp\/v2\/types\/page"}],"author":[{"embeddable":true,"href":"https:\/\/musabelliu.com\/sq\/wp-json\/wp\/v2\/users\/1"}],"replies":[{"embeddable":true,"href":"https:\/\/musabelliu.com\/sq\/wp-json\/wp\/v2\/comments?post=58171"}],"version-history":[{"count":3,"href":"https:\/\/musabelliu.com\/sq\/wp-json\/wp\/v2\/pages\/58171\/revisions"}],"predecessor-version":[{"id":59630,"href":"https:\/\/musabelliu.com\/sq\/wp-json\/wp\/v2\/pages\/58171\/revisions\/59630"}],"wp:attachment":[{"href":"https:\/\/musabelliu.com\/sq\/wp-json\/wp\/v2\/media?parent=58171"}],"curies":[{"name":"wp","href":"https:\/\/api.w.org\/{rel}","templated":true}]}}