{"id":57822,"date":"2024-11-01T23:58:55","date_gmt":"2024-11-01T23:58:55","guid":{"rendered":"https:\/\/musabelliu.com\/shporta\/"},"modified":"2026-03-02T20:52:46","modified_gmt":"2026-03-02T20:52:46","slug":"shporta","status":"publish","type":"page","link":"https:\/\/musabelliu.com\/sq\/shporta\/","title":{"rendered":"Shporta"},"content":{"rendered":"\n<div data-block-name=\"woocommerce\/cart\" class=\"wp-block-woocommerce-cart alignwide is-loading\">\n<div data-block-name=\"woocommerce\/filled-cart-block\" class=\"wp-block-woocommerce-filled-cart-block\">\n<div data-block-name=\"woocommerce\/cart-items-block\" class=\"wp-block-woocommerce-cart-items-block\">\n<div data-block-name=\"woocommerce\/cart-line-items-block\" class=\"wp-block-woocommerce-cart-line-items-block\"><\/div>\n\n\n\n<div data-block-name=\"woocommerce\/cart-cross-sells-block\" class=\"wp-block-woocommerce-cart-cross-sells-block\">\n<h2 class=\"wp-block-heading has-large-font-size\">Interesohesh edhe p\u00ebr?<\/h2>\n\n\n\n<div data-block-name=\"woocommerce\/cart-cross-sells-products-block\" class=\"wp-block-woocommerce-cart-cross-sells-products-block\"><\/div>\n<\/div>\n<\/div>\n\n\n\n<div data-block-name=\"woocommerce\/cart-totals-block\" class=\"wp-block-woocommerce-cart-totals-block\">\n<div data-block-name=\"woocommerce\/cart-order-summary-block\" class=\"wp-block-woocommerce-cart-order-summary-block\">\n<div data-block-name=\"woocommerce\/cart-order-summary-heading-block\" class=\"wp-block-woocommerce-cart-order-summary-heading-block\"><\/div><div data-block-name=\"woocommerce\/cart-order-summary-coupon-form-block\" class=\"wp-block-woocommerce-cart-order-summary-coupon-form-block\"><\/div><div data-block-name=\"woocommerce\/cart-order-summary-totals-block\" class=\"wp-block-woocommerce-cart-order-summary-totals-block\">\n<div data-block-name=\"woocommerce\/cart-order-summary-subtotal-block\" class=\"wp-block-woocommerce-cart-order-summary-subtotal-block\"><\/div>\n<div data-block-name=\"woocommerce\/cart-order-summary-discount-block\" class=\"wp-block-woocommerce-cart-order-summary-discount-block\"><\/div>\n<div data-block-name=\"woocommerce\/cart-order-summary-fee-block\" class=\"wp-block-woocommerce-cart-order-summary-fee-block\"><\/div>\n<div data-block-name=\"woocommerce\/cart-order-summary-shipping-block\" class=\"wp-block-woocommerce-cart-order-summary-shipping-block\"><\/div>\n<div data-block-name=\"woocommerce\/cart-order-summary-taxes-block\" class=\"wp-block-woocommerce-cart-order-summary-taxes-block\"><\/div><\/div>\n<\/div>\n\n\n\n<div data-block-name=\"woocommerce\/cart-express-payment-block\" class=\"wp-block-woocommerce-cart-express-payment-block\"><\/div>\n\n\n\n<div data-block-name=\"woocommerce\/proceed-to-checkout-block\" class=\"wp-block-woocommerce-proceed-to-checkout-block\"><\/div>\n\n\n\n<div data-block-name=\"woocommerce\/cart-accepted-payment-methods-block\" class=\"wp-block-woocommerce-cart-accepted-payment-methods-block\"><\/div>\n<\/div>\n<\/div>\n\n\n\n<div data-block-name=\"woocommerce\/empty-cart-block\" class=\"wp-block-woocommerce-empty-cart-block\">\n<h2 class=\"wp-block-heading has-text-align-center with-empty-cart-icon wc-block-cart__empty-cart__title\">Shoprta juaj eshte bosh!<\/h2>\n\n\n\n<hr class=\"wp-block-separator has-alpha-channel-opacity is-style-dots\"\/>\n\n\n\n<h2 class=\"wp-block-heading has-text-align-center\">Te reja ne dyqan<\/h2>\n\n\n<div data-block-name=\"woocommerce\/product-new\" data-columns=\"4\" data-rows=\"1\" class=\"wc-block-grid wp-block-product-new wp-block-woocommerce-product-new wc-block-product-new has-4-columns\"><ul class=\"wc-block-grid__products\"><li class=\"wc-block-grid__product\">\n\t\t\t\t<a href=\"https:\/\/musabelliu.com\/sq\/produkt\/fustan-midi-me-rrudhosje\/\" class=\"wc-block-grid__product-link\">\n\t\t\t\t\t\n\t\t\t\t\t<div class=\"wc-block-grid__product-image\"><img fetchpriority=\"high\" decoding=\"async\" width=\"1500\" height=\"2250\" src=\"https:\/\/musabelliu.com\/wp-content\/uploads\/2026\/02\/Ruched-Midi-Dress-2.jpg\" class=\"attachment-woocommerce_thumbnail size-woocommerce_thumbnail\" alt=\"Fustan midi me rrudhosje\" \/><\/div>\n\t\t\t\t\t<div class=\"wc-block-grid__product-title\">Fustan midi me rrudhosje<\/div>\n\t\t\t\t<\/a>\n\t\t\t\t<div class=\"wc-block-grid__product-price price\"><span class=\"woocommerce-Price-amount amount\"><span class=\"woocommerce-Price-currencySymbol\">&euro;<\/span>135<\/span><\/div>\n\t\t\t\t\n\t\t\t\t<div class=\"wp-block-button wc-block-grid__product-add-to-cart\"><a href=\"https:\/\/musabelliu.com\/sq\/produkt\/fustan-midi-me-rrudhosje\/\" aria-label=\"P\u00ebrzgjidhni mund\u00ebsi p\u00ebr \u201cFustan midi me rrudhosje\u201d\" data-quantity=\"1\" data-product_id=\"57935\" data-product_sku=\"\" data-price=\"135\" rel=\"nofollow\" class=\"wp-block-button__link  add_to_cart_button\">Zgjidhni opsionet<\/a><\/div>\n\t\t\t<\/li><li class=\"wc-block-grid__product\">\n\t\t\t\t<a href=\"https:\/\/musabelliu.com\/sq\/produkt\/fund-mini-me-mbeshtjellje\/\" class=\"wc-block-grid__product-link\">\n\t\t\t\t\t\n\t\t\t\t\t<div class=\"wc-block-grid__product-image\"><img decoding=\"async\" width=\"1500\" height=\"2250\" src=\"https:\/\/musabelliu.com\/wp-content\/uploads\/2026\/02\/Wrap-Mini-Skirt-6.jpg\" class=\"attachment-woocommerce_thumbnail size-woocommerce_thumbnail\" alt=\"Fund Mini me Mb\u00ebshtjellje\" \/><\/div>\n\t\t\t\t\t<div class=\"wc-block-grid__product-title\">Fund Mini me Mb\u00ebshtjellje<\/div>\n\t\t\t\t<\/a>\n\t\t\t\t<div class=\"wc-block-grid__product-price price\"><span class=\"woocommerce-Price-amount amount\"><span class=\"woocommerce-Price-currencySymbol\">&euro;<\/span>115<\/span><\/div>\n\t\t\t\t\n\t\t\t\t<div class=\"wp-block-button wc-block-grid__product-add-to-cart\"><a href=\"https:\/\/musabelliu.com\/sq\/produkt\/fund-mini-me-mbeshtjellje\/\" aria-label=\"P\u00ebrzgjidhni mund\u00ebsi p\u00ebr \u201cFund Mini me Mb\u00ebshtjellje\u201d\" data-quantity=\"1\" data-product_id=\"57949\" data-product_sku=\"\" data-price=\"115\" rel=\"nofollow\" class=\"wp-block-button__link  add_to_cart_button\">Zgjidhni opsionet<\/a><\/div>\n\t\t\t<\/li><li class=\"wc-block-grid__product\">\n\t\t\t\t<a href=\"https:\/\/musabelliu.com\/sq\/produkt\/fustan-maxi-me-shpine-te-hapur\/\" class=\"wc-block-grid__product-link\">\n\t\t\t\t\t\n\t\t\t\t\t<div class=\"wc-block-grid__product-image\"><img decoding=\"async\" width=\"1500\" height=\"2250\" src=\"https:\/\/musabelliu.com\/wp-content\/uploads\/2026\/02\/Cut-Out-Back-Maxi-Dress-2.jpg\" class=\"attachment-woocommerce_thumbnail size-woocommerce_thumbnail\" alt=\"Fustan Maxi me Shpin\u00eb t\u00eb Hapur\" \/><\/div>\n\t\t\t\t\t<div class=\"wc-block-grid__product-title\">Fustan Maxi me Shpin\u00eb t\u00eb Hapur<\/div>\n\t\t\t\t<\/a>\n\t\t\t\t<div class=\"wc-block-grid__product-price price\"><span class=\"woocommerce-Price-amount amount\"><span class=\"woocommerce-Price-currencySymbol\">&euro;<\/span>210<\/span><\/div>\n\t\t\t\t\n\t\t\t\t<div class=\"wp-block-button wc-block-grid__product-add-to-cart\"><a href=\"https:\/\/musabelliu.com\/sq\/produkt\/fustan-maxi-me-shpine-te-hapur\/\" aria-label=\"P\u00ebrzgjidhni mund\u00ebsi p\u00ebr \u201cFustan Maxi me Shpin\u00eb t\u00eb Hapur\u201d\" data-quantity=\"1\" data-product_id=\"58022\" data-product_sku=\"\" data-price=\"210\" rel=\"nofollow\" class=\"wp-block-button__link  add_to_cart_button\">Zgjidhni opsionet<\/a><\/div>\n\t\t\t<\/li><li class=\"wc-block-grid__product\">\n\t\t\t\t<a href=\"https:\/\/musabelliu.com\/sq\/produkt\/xhakete-me-menge-kimono\/\" class=\"wc-block-grid__product-link\">\n\t\t\t\t\t\n\t\t\t\t\t<div class=\"wc-block-grid__product-image\"><img loading=\"lazy\" decoding=\"async\" width=\"1500\" height=\"2250\" src=\"https:\/\/musabelliu.com\/wp-content\/uploads\/2026\/01\/kimono-jacket.jpg\" class=\"attachment-woocommerce_thumbnail size-woocommerce_thumbnail\" alt=\"Xhaket\u00eb me m\u00ebng\u00eb kimono\" \/><\/div>\n\t\t\t\t\t<div class=\"wc-block-grid__product-title\">Xhaket\u00eb me m\u00ebng\u00eb kimono<\/div>\n\t\t\t\t<\/a>\n\t\t\t\t<div class=\"wc-block-grid__product-price price\"><span class=\"woocommerce-Price-amount amount\"><span class=\"woocommerce-Price-currencySymbol\">&euro;<\/span>290<\/span><\/div>\n\t\t\t\t\n\t\t\t\t<div class=\"wp-block-button wc-block-grid__product-add-to-cart\"><a href=\"https:\/\/musabelliu.com\/sq\/produkt\/xhakete-me-menge-kimono\/\" aria-label=\"P\u00ebrzgjidhni mund\u00ebsi p\u00ebr \u201cXhaket\u00eb me m\u00ebng\u00eb kimono\u201d\" data-quantity=\"1\" data-product_id=\"57928\" data-product_sku=\"\" data-price=\"290\" rel=\"nofollow\" class=\"wp-block-button__link  add_to_cart_button\">Zgjidhni opsionet<\/a><\/div>\n\t\t\t<\/li><\/ul><\/div><\/div>\n<\/div>\n","protected":false},"excerpt":{"rendered":"","protected":false},"author":1,"featured_media":0,"parent":0,"menu_order":0,"comment_status":"closed","ping_status":"closed","template":"","meta":{"footnotes":""},"class_list":["post-57822","page","type-page","status-publish","hentry"],"_links":{"self":[{"href":"https:\/\/musabelliu.com\/sq\/wp-json\/wp\/v2\/pages\/57822","targetHints":{"allow":["GET"]}}],"collection":[{"href":"https:\/\/musabelliu.com\/sq\/wp-json\/wp\/v2\/pages"}],"about":[{"href":"https:\/\/musabelliu.com\/sq\/wp-json\/wp\/v2\/types\/page"}],"author":[{"embeddable":true,"href":"https:\/\/musabelliu.com\/sq\/wp-json\/wp\/v2\/users\/1"}],"replies":[{"embeddable":true,"href":"https:\/\/musabelliu.com\/sq\/wp-json\/wp\/v2\/comments?post=57822"}],"version-history":[{"count":2,"href":"https:\/\/musabelliu.com\/sq\/wp-json\/wp\/v2\/pages\/57822\/revisions"}],"predecessor-version":[{"id":59647,"href":"https:\/\/musabelliu.com\/sq\/wp-json\/wp\/v2\/pages\/57822\/revisions\/59647"}],"wp:attachment":[{"href":"https:\/\/musabelliu.com\/sq\/wp-json\/wp\/v2\/media?parent=57822"}],"curies":[{"name":"wp","href":"https:\/\/api.w.org\/{rel}","templated":true}]}}